{"id":6194,"date":"2017-06-27T16:41:01","date_gmt":"2017-06-27T16:41:01","guid":{"rendered":"https:\/\/www.mecasonic.com\/actus\/"},"modified":"2021-07-27T17:00:57","modified_gmt":"2021-07-27T15:00:57","slug":"news","status":"publish","type":"page","link":"https:\/\/www.mecasonic.com\/en\/news\/","title":{"rendered":"News"},"content":{"rendered":"\t\t<div data-elementor-type=\"wp-page\" data-elementor-id=\"6194\" class=\"elementor elementor-6194 elementor-3881\" data-elementor-settings=\"[]\">\n\t\t\t\t\t\t<div class=\"elementor-inner\">\n\t\t\t\t\t\t\t<div class=\"elementor-section-wrap\">\n\t\t\t\t\t\t\t<section class=\"elementor-section elementor-top-section elementor-element elementor-element-nranrbp elementor-section-boxed elementor-section-height-default elementor-section-height-default default-style\" data-id=\"nranrbp\" data-element_type=\"section\" data-settings=\"{&quot;background_background&quot;:&quot;classic&quot;,&quot;rt_color_sets&quot;:&quot;default-style&quot;}\">\n\t\t\t\t\t\t<div class=\"elementor-container elementor-column-gap-default\">\n\t\t\t\t\t\t\t<div class=\"elementor-row\">\n\t\t\t\t\t<div class=\"elementor-column elementor-col-100 elementor-top-column elementor-element elementor-element-ebehnho\" data-id=\"ebehnho\" data-element_type=\"column\">\n\t\t\t<div class=\"elementor-column-wrap elementor-element-populated\">\n\t\t\t\t\t\t\t<div class=\"elementor-widget-wrap\">\n\t\t\t\t\t\t<div class=\"elementor-element elementor-element-mwlsxps elementor-widget elementor-widget-rt-blog\" data-id=\"mwlsxps\" data-element_type=\"widget\" data-widget_type=\"rt-blog.default\">\n\t\t\t\t<div class=\"elementor-widget-container\">\n\t\t\t\n<div id=\"blog-dynamicID-546401\" class=\"blog_list clearfix row masonry-gallery\" data-column-width=\"2\">\n<article id=\"15707\" class=\"col col-sm-6 rt-dynamic post-15707 post type-post status-publish format-standard has-post-thumbnail hentry category-event\"><div class=\"post-content-wrapper boxed\">\n \n\n<!-- blog box-->\n\t\t\t\t<figure class=\"featured_image featured_media\">\n\t\t\t<a href=\"https:\/\/www.mecasonic.com\/en\/summer-break-2025\/\" title=\"Summer break 2025\" class=\"imgeffect link featured_image\"><img src=\"https:\/\/www.mecasonic.com\/wp-content\/uploads\/2025\/08\/Fermeture-ete-2025-Mecasonic-ultrasonic-welding-610x244.jpg\" alt=\"summer break 2025\" class=\"\" width=\"610\" height=\"244\" \/><\/a>\t\t\n\t\t<\/figure> \n\t\t\n\t<a href=\"https:\/\/www.mecasonic.com\/en\/summer-break-2025\/\" title=\"Summer break 2025\" class=\"post-date\">1 August 2025<\/a>\t\t\t\t\n\n\t<div class=\"entry-content text\">\n\n\t\t<!-- blog headline-->\n\t\t<h5 class=\"entry-title\"><a href=\"https:\/\/www.mecasonic.com\/en\/summer-break-2025\/\" rel=\"bookmark\">Summer break 2025<\/a><\/h5> \n\n\t\t\n\t\t<p><\/p>\t<\/div> \n\n\t<div class=\"entry-footer\">\n\n\t\t<a href=\"https:\/\/www.mecasonic.com\/en\/summer-break-2025\/\" class=\"read_more\">Continue reading<\/a>\n\t<\/div>\n\n<!-- \/ blog box-->\n<\/div><\/article>\n<article id=\"15326\" class=\"col col-sm-6 rt-dynamic post-15326 post type-post status-publish format-standard has-post-thumbnail hentry category-uncategorized\"><div class=\"post-content-wrapper boxed\">\n \n\n<!-- blog box-->\n\t\t\t\t<figure class=\"featured_image featured_media\">\n\t\t\t<a href=\"https:\/\/www.mecasonic.com\/en\/mecasonic-at-plastic-expo-2025-in-tunis-with-hpc-group\/\" title=\"MECASONIC at PLASTIC EXPO 2025 in TUNIS with HPC Group\" class=\"imgeffect link featured_image\"><img src=\"https:\/\/www.mecasonic.com\/wp-content\/uploads\/2025\/05\/Mecasonic-at-Plastic-Expo-Tunis-2025-HPC-Group-610x407.jpg\" alt=\"MECASONIC sur PLASTIC EXPO\" class=\"\" width=\"610\" height=\"407\" \/><\/a>\t\t\n\t\t<\/figure> \n\t\t\n\t<a href=\"https:\/\/www.mecasonic.com\/en\/mecasonic-at-plastic-expo-2025-in-tunis-with-hpc-group\/\" title=\"MECASONIC at PLASTIC EXPO 2025 in TUNIS with HPC Group\" class=\"post-date\">22 May 2025<\/a>\t\t\t\t\n\n\t<div class=\"entry-content text\">\n\n\t\t<!-- blog headline-->\n\t\t<h5 class=\"entry-title\"><a href=\"https:\/\/www.mecasonic.com\/en\/mecasonic-at-plastic-expo-2025-in-tunis-with-hpc-group\/\" rel=\"bookmark\">MECASONIC at PLASTIC EXPO 2025 in TUNIS with HPC Group<\/a><\/h5> \n\n\t\t\n\t\t<p>\ud83e\udd73 Save the date ! Meet us on PLASTIC EXPO 2025 from 17 to 20 June 2025 Our partner\u00a0HPC GROUP (High-tech Plastic Center) will present MECASONIC equipment for thermoplastic welding \u2699\ufe0f: \ud83d\udccc Parc des Expositions du Kram\u00a0&#8211; Tunis \ud83d\udccd Booth HPC GROUP...<\/p>\t<\/div> \n\n\t<div class=\"entry-footer\">\n\n\t\t<a href=\"https:\/\/www.mecasonic.com\/en\/mecasonic-at-plastic-expo-2025-in-tunis-with-hpc-group\/\" class=\"read_more\">Continue reading<\/a>\n\t<\/div>\n\n<!-- \/ blog box-->\n<\/div><\/article>\n<article id=\"14828\" class=\"col col-sm-6 rt-dynamic post-14828 post type-post status-publish format-standard has-post-thumbnail hentry category-event\"><div class=\"post-content-wrapper boxed\">\n \n\n<!-- blog box-->\n\t\t\t\t<figure class=\"featured_image featured_media\">\n\t\t\t<a href=\"https:\/\/www.mecasonic.com\/en\/mecasonic-on-fakuma-international-trade-fair-15-19-october-2024\/\" title=\"MECASONIC on FAKUMA International trade fair, 15-19 October 2024\" class=\"imgeffect link featured_image\"><img src=\"https:\/\/www.mecasonic.com\/wp-content\/uploads\/2024\/09\/Fakuma-2024-Mecasonic-KLN-scaled-610x319.jpg\" alt=\"\" class=\"\" width=\"610\" height=\"319\" \/><\/a>\t\t\n\t\t<\/figure> \n\t\t\n\t<a href=\"https:\/\/www.mecasonic.com\/en\/mecasonic-on-fakuma-international-trade-fair-15-19-october-2024\/\" title=\"MECASONIC on FAKUMA International trade fair, 15-19 October 2024\" class=\"post-date\">11 September 2024<\/a>\t\t\t\t\n\n\t<div class=\"entry-content text\">\n\n\t\t<!-- blog headline-->\n\t\t<h5 class=\"entry-title\"><a href=\"https:\/\/www.mecasonic.com\/en\/mecasonic-on-fakuma-international-trade-fair-15-19-october-2024\/\" rel=\"bookmark\">MECASONIC on FAKUMA International trade fair, 15-19 October 2024<\/a><\/h5> \n\n\t\t\n\t\t<p>Nous sommes heureux de vous annoncer notre pr\u00e9sence sur le salon FAKUMA. Du 15 au 19 octobre 2024 Stand n\u00b04128 &#8211; Hall A4 \u00e0 Friedrichshafen Avec notre partenaire KLN Ultraschall, nous vous pr\u00e9senterons nos \u00e9quipements ultrasons pour l&#8217;asse...<\/p>\t<\/div> \n\n\t<div class=\"entry-footer\">\n\n\t\t<a href=\"https:\/\/www.mecasonic.com\/en\/mecasonic-on-fakuma-international-trade-fair-15-19-october-2024\/\" class=\"read_more\">Continue reading<\/a>\n\t<\/div>\n\n<!-- \/ blog box-->\n<\/div><\/article>\n<article id=\"14775\" class=\"col col-sm-6 rt-dynamic post-14775 post type-post status-publish format-standard has-post-thumbnail hentry category-event\"><div class=\"post-content-wrapper boxed\">\n \n\n<!-- blog box-->\n\t\t\t\t<figure class=\"featured_image featured_media\">\n\t\t\t<a href=\"https:\/\/www.mecasonic.com\/en\/a-new-video-to-present-mecasonic\/\" title=\"A new video to present MECASONIC\" class=\"imgeffect link featured_image\"><img src=\"https:\/\/www.mecasonic.com\/wp-content\/uploads\/2024\/09\/miniature-MECASONIC_back-to-work-610x343.jpg\" alt=\"\" class=\"\" width=\"610\" height=\"343\" \/><\/a>\t\t\n\t\t<\/figure> \n\t\t\n\t<a href=\"https:\/\/www.mecasonic.com\/en\/a-new-video-to-present-mecasonic\/\" title=\"A new video to present MECASONIC\" class=\"post-date\">9 September 2024<\/a>\t\t\t\t\n\n\t<div class=\"entry-content text\">\n\n\t\t<!-- blog headline-->\n\t\t<h5 class=\"entry-title\"><a href=\"https:\/\/www.mecasonic.com\/en\/a-new-video-to-present-mecasonic\/\" rel=\"bookmark\">A new video to present MECASONIC<\/a><\/h5> \n\n\t\t\n\t\t<p>We are pleased to release the new MECASONIC film! \ud83d\ude0a This video highlights our profession and our vocation, that of meeting the requirements of a modern and captivating industry with commitment, innovation, quality and passion. Thanks to these few sec...<\/p>\t<\/div> \n\n\t<div class=\"entry-footer\">\n\n\t\t<a href=\"https:\/\/www.mecasonic.com\/en\/a-new-video-to-present-mecasonic\/\" class=\"read_more\">Continue reading<\/a>\n\t<\/div>\n\n<!-- \/ blog box-->\n<\/div><\/article>\n<article id=\"14629\" class=\"col col-sm-6 rt-dynamic post-14629 post type-post status-publish format-standard has-post-thumbnail hentry category-fields-of-application\"><div class=\"post-content-wrapper boxed\">\n \n\n<!-- blog box-->\n\t\t\t\t<figure class=\"featured_image featured_media\">\n\t\t\t<a href=\"https:\/\/www.mecasonic.com\/en\/mecasonic-supports-companies-operating-in-the-electric-battery-sector\/\" title=\"MECASONIC supports companies operating in the electric battery sector\" class=\"imgeffect link featured_image\"><img src=\"https:\/\/www.mecasonic.com\/wp-content\/uploads\/2024\/04\/MECASONIC_EV-Battery_batterie_electrique_Page_1-scaled-610x407.jpg\" alt=\"\" class=\"\" width=\"610\" height=\"407\" \/><\/a>\t\t\n\t\t<\/figure> \n\t\t\n\t<a href=\"https:\/\/www.mecasonic.com\/en\/mecasonic-supports-companies-operating-in-the-electric-battery-sector\/\" title=\"MECASONIC supports companies operating in the electric battery sector\" class=\"post-date\">3 April 2024<\/a>\t\t\t\t\n\n\t<div class=\"entry-content text\">\n\n\t\t<!-- blog headline-->\n\t\t<h5 class=\"entry-title\"><a href=\"https:\/\/www.mecasonic.com\/en\/mecasonic-supports-companies-operating-in-the-electric-battery-sector\/\" rel=\"bookmark\">MECASONIC supports companies operating in the electric battery sector<\/a><\/h5> \n\n\t\t\n\t\t<p>Used daily in many objects including electric vehicles, batteries are an essential part of the actual world we live in. \ud83d\udef4 \ud83d\udeb2 \ud83d\ude97 The Omega 4 MX ultrasonic welder for non-ferrous metals combines progress and precision, guaranteeing the rapid and solid as...<\/p>\t<\/div> \n\n\t<div class=\"entry-footer\">\n\n\t\t<a href=\"https:\/\/www.mecasonic.com\/en\/mecasonic-supports-companies-operating-in-the-electric-battery-sector\/\" class=\"read_more\">Continue reading<\/a>\n\t<\/div>\n\n<!-- \/ blog box-->\n<\/div><\/article>\n<article id=\"14634\" class=\"col col-sm-6 rt-dynamic post-14634 post type-post status-publish format-standard has-post-thumbnail hentry category-industry-news-en\"><div class=\"post-content-wrapper boxed\">\n \n\n<!-- blog box-->\n\t\t\t\t<figure class=\"featured_image featured_media\">\n\t\t\t<a href=\"https:\/\/www.mecasonic.com\/en\/a-new-manager-for-mecasonic-uk\/\" title=\"A new Manager for Mecasonic UK\" class=\"imgeffect link featured_image\"><img src=\"https:\/\/www.mecasonic.com\/wp-content\/uploads\/2023\/10\/Vincent-Law-Mecasonic-UK-610x458.jpg\" alt=\"\" class=\"\" width=\"610\" height=\"458\" \/><\/a>\t\t\n\t\t<\/figure> \n\t\t\n\t<a href=\"https:\/\/www.mecasonic.com\/en\/a-new-manager-for-mecasonic-uk\/\" title=\"A new Manager for Mecasonic UK\" class=\"post-date\">3 March 2024<\/a>\t\t\t\t\n\n\t<div class=\"entry-content text\">\n\n\t\t<!-- blog headline-->\n\t\t<h5 class=\"entry-title\"><a href=\"https:\/\/www.mecasonic.com\/en\/a-new-manager-for-mecasonic-uk\/\" rel=\"bookmark\">A new Manager for Mecasonic UK<\/a><\/h5> \n\n\t\t\n\t\t<p>We are glad to welcome Mr Vincent Law, our new manager for the Mecasonic UK subsidiary! \ud83d\udc49 Mecasonic supports all projects in plastic assembly and rubber or food cutting around UK. \u2714 Thanks to our local team in England, you can benefit our quality ser...<\/p>\t<\/div> \n\n\t<div class=\"entry-footer\">\n\n\t\t<a href=\"https:\/\/www.mecasonic.com\/en\/a-new-manager-for-mecasonic-uk\/\" class=\"read_more\">Continue reading<\/a>\n\t<\/div>\n\n<!-- \/ blog box-->\n<\/div><\/article>\n<\/div>\n<button href=\"#\" class=\"load_more button_ small style-1 aligncenter\" autocomplete=\"off\" data-atts=\"id%2Ablog-dynamicID-546401%7Carchive%2Afalse%7Clist_layout%2A1%2F2%7Clayout_style%2Amasonry%7Cheading_size%2Ah5%7Cshow_author%2Afalse%7Cshow_categories%2Afalse%7Cshow_comment_numbers%2Afalse%7Cshow_date%2Atrue%7Cshow_share%2Afalse%7Cfeatured_image_resize%2A%7Cfeatured_image_max_width%2A%7Cfeatured_image_max_height%2A%7Cfeatured_image_crop%2A%7Cpagination%2Atrue%7Cajax_pagination%2Atrue%7Cuse_excerpts%2Atrue%7Cexcerpt_length%2A250%7Clist_orderby%2Adate%7Clist_order%2ADESC%7Citem_per_page%2A6%7Ccategories%2A%7Cajax%2Afalse%7Cpaged%2A0%7Cwpml_lang%2A%7Cbox_style%2Aboxed%7Cshow_featured_media%2Atrue%7Cpurpose%2Ablog\" data-page_count=\"3\" data-current_page=\"1\" data-listid=\"blog-dynamicID-546401\"><span><span class=\"button-icon ui-icon-angle-down\"><\/span><span>LOAD MORE<\/span><\/span><\/button>\t\t<\/div>\n\t\t\t\t<\/div>\n\t\t\t\t\t\t<\/div>\n\t\t\t\t\t<\/div>\n\t\t<\/div>\n\t\t\t\t\t\t\t\t<\/div>\n\t\t\t\t\t<\/div>\n\t\t<\/section>\n\t\t\t\t\t\t<\/div>\n\t\t\t\t\t\t<\/div>\n\t\t\t\t\t<\/div>\n\t\t","protected":false},"excerpt":{"rendered":"<p>27 juin 2017 Machine pour soudure par ultrasons de masque m\u00e9dical Machine pour soudure par ultrasons de masque m\u00e9dical Pour la soudure de masque m\u00e9dical, Mecasonic est pr\u00e9sent \u00e0 vos c\u00f4t\u00e9s pour tout besoin en machine ou outillage ultrason. Au vu de l\u2019urgence de la situation ces demandes sont trait\u00e9es en priorit\u00e9 dan&#8230; Continue reading [&hellip;]<\/p>\n","protected":false},"author":1,"featured_media":0,"parent":0,"menu_order":0,"comment_status":"closed","ping_status":"closed","template":"","meta":[],"yoast_head":"<!-- This site is optimized with the Yoast SEO plugin v17.2 - https:\/\/yoast.com\/wordpress\/plugins\/seo\/ -->\n<title>News about thermoplastic welding, textile and food ultrasonic cutting<\/title>\n<meta name=\"description\" content=\"Our news concerning thermoplastic and non ferrous metal welding solutions, textile and food ultrasonic cutting, fair trades...\" \/>\n<meta name=\"robots\" content=\"index, follow, max-snippet:-1, max-image-preview:large, max-video-preview:-1\" \/>\n<link rel=\"canonical\" href=\"https:\/\/www.mecasonic.com\/en\/news\/\" \/>\n<meta property=\"og:locale\" content=\"en_US\" \/>\n<meta property=\"og:type\" content=\"article\" \/>\n<meta property=\"og:title\" content=\"News about thermoplastic welding, textile and food ultrasonic cutting\" \/>\n<meta property=\"og:description\" content=\"Our news concerning thermoplastic and non ferrous metal welding solutions, textile and food ultrasonic cutting, fair trades...\" \/>\n<meta property=\"og:url\" content=\"https:\/\/www.mecasonic.com\/en\/news\/\" \/>\n<meta property=\"og:site_name\" content=\"Mecasonic\" \/>\n<meta property=\"article:modified_time\" content=\"2021-07-27T15:00:57+00:00\" \/>\n<meta property=\"og:image\" content=\"https:\/\/www.mecasonic.com\/wp-content\/uploads\/2017\/06\/masque2-610x405.jpg\" \/>\n<meta name=\"twitter:card\" content=\"summary_large_image\" \/>\n<meta name=\"twitter:label1\" content=\"Est. reading time\" \/>\n\t<meta name=\"twitter:data1\" content=\"1 minute\" \/>\n<script type=\"application\/ld+json\" class=\"yoast-schema-graph\">{\"@context\":\"https:\/\/schema.org\",\"@graph\":[{\"@type\":\"Organization\",\"@id\":\"https:\/\/www.mecasonic.com\/en\/#organization\",\"name\":\"Mecasonic - Plastic Welding Solutions\",\"url\":\"https:\/\/www.mecasonic.com\/en\/\",\"sameAs\":[],\"logo\":{\"@type\":\"ImageObject\",\"@id\":\"https:\/\/www.mecasonic.com\/en\/#logo\",\"inLanguage\":\"en-US\",\"url\":\"https:\/\/www.mecasonic.com\/wp-content\/uploads\/2020\/12\/LOGO-MECA-MOBILE@2x.png\",\"contentUrl\":\"https:\/\/www.mecasonic.com\/wp-content\/uploads\/2020\/12\/LOGO-MECA-MOBILE@2x.png\",\"width\":500,\"height\":99,\"caption\":\"Mecasonic - Plastic Welding Solutions\"},\"image\":{\"@id\":\"https:\/\/www.mecasonic.com\/en\/#logo\"}},{\"@type\":\"WebSite\",\"@id\":\"https:\/\/www.mecasonic.com\/en\/#website\",\"url\":\"https:\/\/www.mecasonic.com\/en\/\",\"name\":\"Mecasonic\",\"description\":\"\",\"publisher\":{\"@id\":\"https:\/\/www.mecasonic.com\/en\/#organization\"},\"potentialAction\":[{\"@type\":\"SearchAction\",\"target\":{\"@type\":\"EntryPoint\",\"urlTemplate\":\"https:\/\/www.mecasonic.com\/en\/?s={search_term_string}\"},\"query-input\":\"required name=search_term_string\"}],\"inLanguage\":\"en-US\"},{\"@type\":\"ImageObject\",\"@id\":\"https:\/\/www.mecasonic.com\/en\/news\/#primaryimage\",\"inLanguage\":\"en-US\",\"url\":\"https:\/\/www.mecasonic.com\/wp-content\/uploads\/2017\/06\/masque2.jpg\",\"contentUrl\":\"https:\/\/www.mecasonic.com\/wp-content\/uploads\/2017\/06\/masque2.jpg\",\"width\":800,\"height\":531},{\"@type\":\"WebPage\",\"@id\":\"https:\/\/www.mecasonic.com\/en\/news\/#webpage\",\"url\":\"https:\/\/www.mecasonic.com\/en\/news\/\",\"name\":\"News about thermoplastic welding, textile and food ultrasonic cutting\",\"isPartOf\":{\"@id\":\"https:\/\/www.mecasonic.com\/en\/#website\"},\"primaryImageOfPage\":{\"@id\":\"https:\/\/www.mecasonic.com\/en\/news\/#primaryimage\"},\"datePublished\":\"2017-06-27T16:41:01+00:00\",\"dateModified\":\"2021-07-27T15:00:57+00:00\",\"description\":\"Our news concerning thermoplastic and non ferrous metal welding solutions, textile and food ultrasonic cutting, fair trades...\",\"breadcrumb\":{\"@id\":\"https:\/\/www.mecasonic.com\/en\/news\/#breadcrumb\"},\"inLanguage\":\"en-US\",\"potentialAction\":[{\"@type\":\"ReadAction\",\"target\":[\"https:\/\/www.mecasonic.com\/en\/news\/\"]}]},{\"@type\":\"BreadcrumbList\",\"@id\":\"https:\/\/www.mecasonic.com\/en\/news\/#breadcrumb\",\"itemListElement\":[{\"@type\":\"ListItem\",\"position\":1,\"name\":\"Accueil\",\"item\":\"https:\/\/www.mecasonic.com\/en\/\"},{\"@type\":\"ListItem\",\"position\":2,\"name\":\"News\"}]}]}<\/script>\n<!-- \/ Yoast SEO plugin. -->","yoast_head_json":{"title":"News about thermoplastic welding, textile and food ultrasonic cutting","description":"Our news concerning thermoplastic and non ferrous metal welding solutions, textile and food ultrasonic cutting, fair trades...","robots":{"index":"index","follow":"follow","max-snippet":"max-snippet:-1","max-image-preview":"max-image-preview:large","max-video-preview":"max-video-preview:-1"},"canonical":"https:\/\/www.mecasonic.com\/en\/news\/","og_locale":"en_US","og_type":"article","og_title":"News about thermoplastic welding, textile and food ultrasonic cutting","og_description":"Our news concerning thermoplastic and non ferrous metal welding solutions, textile and food ultrasonic cutting, fair trades...","og_url":"https:\/\/www.mecasonic.com\/en\/news\/","og_site_name":"Mecasonic","article_modified_time":"2021-07-27T15:00:57+00:00","og_image":[{"url":"https:\/\/www.mecasonic.com\/wp-content\/uploads\/2017\/06\/masque2-610x405.jpg"}],"twitter_card":"summary_large_image","twitter_misc":{"Est. reading time":"1 minute"},"schema":{"@context":"https:\/\/schema.org","@graph":[{"@type":"Organization","@id":"https:\/\/www.mecasonic.com\/en\/#organization","name":"Mecasonic - Plastic Welding Solutions","url":"https:\/\/www.mecasonic.com\/en\/","sameAs":[],"logo":{"@type":"ImageObject","@id":"https:\/\/www.mecasonic.com\/en\/#logo","inLanguage":"en-US","url":"https:\/\/www.mecasonic.com\/wp-content\/uploads\/2020\/12\/LOGO-MECA-MOBILE@2x.png","contentUrl":"https:\/\/www.mecasonic.com\/wp-content\/uploads\/2020\/12\/LOGO-MECA-MOBILE@2x.png","width":500,"height":99,"caption":"Mecasonic - Plastic Welding Solutions"},"image":{"@id":"https:\/\/www.mecasonic.com\/en\/#logo"}},{"@type":"WebSite","@id":"https:\/\/www.mecasonic.com\/en\/#website","url":"https:\/\/www.mecasonic.com\/en\/","name":"Mecasonic","description":"","publisher":{"@id":"https:\/\/www.mecasonic.com\/en\/#organization"},"potentialAction":[{"@type":"SearchAction","target":{"@type":"EntryPoint","urlTemplate":"https:\/\/www.mecasonic.com\/en\/?s={search_term_string}"},"query-input":"required name=search_term_string"}],"inLanguage":"en-US"},{"@type":"ImageObject","@id":"https:\/\/www.mecasonic.com\/en\/news\/#primaryimage","inLanguage":"en-US","url":"https:\/\/www.mecasonic.com\/wp-content\/uploads\/2017\/06\/masque2.jpg","contentUrl":"https:\/\/www.mecasonic.com\/wp-content\/uploads\/2017\/06\/masque2.jpg","width":800,"height":531},{"@type":"WebPage","@id":"https:\/\/www.mecasonic.com\/en\/news\/#webpage","url":"https:\/\/www.mecasonic.com\/en\/news\/","name":"News about thermoplastic welding, textile and food ultrasonic cutting","isPartOf":{"@id":"https:\/\/www.mecasonic.com\/en\/#website"},"primaryImageOfPage":{"@id":"https:\/\/www.mecasonic.com\/en\/news\/#primaryimage"},"datePublished":"2017-06-27T16:41:01+00:00","dateModified":"2021-07-27T15:00:57+00:00","description":"Our news concerning thermoplastic and non ferrous metal welding solutions, textile and food ultrasonic cutting, fair trades...","breadcrumb":{"@id":"https:\/\/www.mecasonic.com\/en\/news\/#breadcrumb"},"inLanguage":"en-US","potentialAction":[{"@type":"ReadAction","target":["https:\/\/www.mecasonic.com\/en\/news\/"]}]},{"@type":"BreadcrumbList","@id":"https:\/\/www.mecasonic.com\/en\/news\/#breadcrumb","itemListElement":[{"@type":"ListItem","position":1,"name":"Accueil","item":"https:\/\/www.mecasonic.com\/en\/"},{"@type":"ListItem","position":2,"name":"News"}]}]}},"_links":{"self":[{"href":"https:\/\/www.mecasonic.com\/en\/wp-json\/wp\/v2\/pages\/6194"}],"collection":[{"href":"https:\/\/www.mecasonic.com\/en\/wp-json\/wp\/v2\/pages"}],"about":[{"href":"https:\/\/www.mecasonic.com\/en\/wp-json\/wp\/v2\/types\/page"}],"author":[{"embeddable":true,"href":"https:\/\/www.mecasonic.com\/en\/wp-json\/wp\/v2\/users\/1"}],"replies":[{"embeddable":true,"href":"https:\/\/www.mecasonic.com\/en\/wp-json\/wp\/v2\/comments?post=6194"}],"version-history":[{"count":1,"href":"https:\/\/www.mecasonic.com\/en\/wp-json\/wp\/v2\/pages\/6194\/revisions"}],"predecessor-version":[{"id":6196,"href":"https:\/\/www.mecasonic.com\/en\/wp-json\/wp\/v2\/pages\/6194\/revisions\/6196"}],"wp:attachment":[{"href":"https:\/\/www.mecasonic.com\/en\/wp-json\/wp\/v2\/media?parent=6194"}],"curies":[{"name":"wp","href":"https:\/\/api.w.org\/{rel}","templated":true}]}}