{"id":6084,"date":"2020-09-17T11:34:18","date_gmt":"2020-09-17T09:34:18","guid":{"rendered":"https:\/\/www.mecasonic.com\/applications\/"},"modified":"2025-06-16T12:02:48","modified_gmt":"2025-06-16T10:02:48","slug":"aplicaciones","status":"publish","type":"page","link":"https:\/\/www.mecasonic.com\/es\/aplicaciones\/","title":{"rendered":"Aplicaciones"},"content":{"rendered":"\t\t<div data-elementor-type=\"wp-page\" data-elementor-id=\"6084\" class=\"elementor elementor-6084 elementor-4982\" data-elementor-settings=\"[]\">\n\t\t\t\t\t\t<div class=\"elementor-inner\">\n\t\t\t\t\t\t\t<div class=\"elementor-section-wrap\">\n\t\t\t\t\t\t\t<section class=\"elementor-section elementor-top-section elementor-element elementor-element-a844b1c elementor-section-height-min-height elementor-section-boxed elementor-section-height-default elementor-section-items-middle default-style\" data-id=\"a844b1c\" data-element_type=\"section\" data-settings=\"{&quot;background_background&quot;:&quot;classic&quot;,&quot;rt_color_sets&quot;:&quot;default-style&quot;}\">\n\t\t\t\t\t\t\t<div class=\"elementor-background-overlay\"><\/div>\n\t\t\t\t\t\t\t<div class=\"elementor-container elementor-column-gap-default\">\n\t\t\t\t\t\t\t<div class=\"elementor-row\">\n\t\t\t\t\t<div class=\"elementor-column elementor-col-100 elementor-top-column elementor-element elementor-element-fd678a8\" data-id=\"fd678a8\" data-element_type=\"column\">\n\t\t\t<div class=\"elementor-column-wrap elementor-element-populated\">\n\t\t\t\t\t\t\t<div class=\"elementor-widget-wrap\">\n\t\t\t\t\t\t<div class=\"elementor-element elementor-element-f48e6a0 elementor-widget elementor-widget-spacer\" data-id=\"f48e6a0\" data-element_type=\"widget\" data-widget_type=\"spacer.default\">\n\t\t\t\t<div class=\"elementor-widget-container\">\n\t\t\t\t\t<div class=\"elementor-spacer\">\n\t\t\t<div class=\"elementor-spacer-inner\"><\/div>\n\t\t<\/div>\n\t\t\t\t<\/div>\n\t\t\t\t<\/div>\n\t\t\t\t<div class=\"elementor-element elementor-element-25c29ae elementor-widget elementor-widget-heading\" data-id=\"25c29ae\" data-element_type=\"widget\" data-widget_type=\"heading.default\">\n\t\t\t\t<div class=\"elementor-widget-container\">\n\t\t\t<h2 class=\"elementor-heading-title elementor-size-default\">Aplicaciones de soldadura<\/h2>\t\t<\/div>\n\t\t\t\t<\/div>\n\t\t\t\t<div class=\"elementor-element elementor-element-bdead2c elementor-widget elementor-widget-text-editor\" data-id=\"bdead2c\" data-element_type=\"widget\" data-widget_type=\"text-editor.default\">\n\t\t\t\t<div class=\"elementor-widget-container\">\n\t\t\t\t\t\t\t\t<div class=\"elementor-text-editor elementor-clearfix\">\n\t\t\t\t\t<p>Nuestro liderazgo en el terreno de la soldadura de termopl\u00e1sticos y corte por ultrasonidos se basa en nuestra capacidad para innovar y responder a las expectativas de nuestros clientes, que proceden de sectores como la alimentaci\u00f3n, el autom\u00f3vil, la cosm\u00e9tica, los electrodom\u00e9sticos, la electr\u00f3nica, el ocio, el \u00e1mbito sanitario, la metalurgia, los envases y el textil, entre muchos otros.<\/p>\t\t\t\t\t<\/div>\n\t\t\t\t\t\t<\/div>\n\t\t\t\t<\/div>\n\t\t\t\t<div class=\"elementor-element elementor-element-41487fb elementor-widget elementor-widget-spacer\" data-id=\"41487fb\" data-element_type=\"widget\" data-widget_type=\"spacer.default\">\n\t\t\t\t<div class=\"elementor-widget-container\">\n\t\t\t\t\t<div class=\"elementor-spacer\">\n\t\t\t<div class=\"elementor-spacer-inner\"><\/div>\n\t\t<\/div>\n\t\t\t\t<\/div>\n\t\t\t\t<\/div>\n\t\t\t\t<div class=\"elementor-element elementor-element-a08694d elementor-view-default elementor-widget elementor-widget-icon\" data-id=\"a08694d\" data-element_type=\"widget\" data-widget_type=\"icon.default\">\n\t\t\t\t<div class=\"elementor-widget-container\">\n\t\t\t\t\t<div class=\"elementor-icon-wrapper\">\n\t\t\t<div class=\"elementor-icon\">\n\t\t\t<i aria-hidden=\"true\" class=\"fas fa-chevron-down\"><\/i>\t\t\t<\/div>\n\t\t<\/div>\n\t\t\t\t<\/div>\n\t\t\t\t<\/div>\n\t\t\t\t\t\t<\/div>\n\t\t\t\t\t<\/div>\n\t\t<\/div>\n\t\t\t\t\t\t\t\t<\/div>\n\t\t\t\t\t<\/div>\n\t\t<\/section>\n\t\t\t\t<section class=\"elementor-section elementor-top-section elementor-element elementor-element-14d441a elementor-section-full_width elementor-section-height-min-height elementor-section-items-top elementor-section-height-default default-style\" data-id=\"14d441a\" data-element_type=\"section\" data-settings=\"{&quot;rt_color_sets&quot;:&quot;default-style&quot;}\">\n\t\t\t\t\t\t<div class=\"elementor-container elementor-column-gap-no\">\n\t\t\t\t\t\t\t<div class=\"elementor-row\">\n\t\t\t\t\t<div class=\"elementor-column elementor-col-50 elementor-top-column elementor-element elementor-element-0951972\" data-id=\"0951972\" data-element_type=\"column\" data-settings=\"{&quot;background_background&quot;:&quot;classic&quot;}\">\n\t\t\t<div class=\"elementor-column-wrap elementor-element-populated\">\n\t\t\t\t\t<div class=\"elementor-background-overlay\"><\/div>\n\t\t\t\t\t\t\t<div class=\"elementor-widget-wrap\">\n\t\t\t\t\t\t<div class=\"elementor-element elementor-element-02e9d03 elementor-widget elementor-widget-heading\" data-id=\"02e9d03\" data-element_type=\"widget\" data-widget_type=\"heading.default\">\n\t\t\t\t<div class=\"elementor-widget-container\">\n\t\t\t<h2 class=\"elementor-heading-title elementor-size-default\"><a href=\"https:\/\/www.mecasonic.com\/es\/automovil\/\">Autom\u00f3vil<\/a><\/h2>\t\t<\/div>\n\t\t\t\t<\/div>\n\t\t\t\t\t\t<\/div>\n\t\t\t\t\t<\/div>\n\t\t<\/div>\n\t\t\t\t<div class=\"elementor-column elementor-col-25 elementor-top-column elementor-element elementor-element-ef0731c\" data-id=\"ef0731c\" data-element_type=\"column\" data-settings=\"{&quot;background_background&quot;:&quot;classic&quot;}\">\n\t\t\t<div class=\"elementor-column-wrap elementor-element-populated\">\n\t\t\t\t\t<div class=\"elementor-background-overlay\"><\/div>\n\t\t\t\t\t\t\t<div class=\"elementor-widget-wrap\">\n\t\t\t\t\t\t<div class=\"elementor-element elementor-element-b35204b elementor-widget elementor-widget-heading\" data-id=\"b35204b\" data-element_type=\"widget\" data-widget_type=\"heading.default\">\n\t\t\t\t<div class=\"elementor-widget-container\">\n\t\t\t<h2 class=\"elementor-heading-title elementor-size-default\"><a href=\"https:\/\/www.mecasonic.com\/es\/alimentacion\/\">Alimentaci\u00f3n<\/a><\/h2>\t\t<\/div>\n\t\t\t\t<\/div>\n\t\t\t\t\t\t<\/div>\n\t\t\t\t\t<\/div>\n\t\t<\/div>\n\t\t\t\t<div class=\"elementor-column elementor-col-25 elementor-top-column elementor-element elementor-element-a498e7f\" data-id=\"a498e7f\" data-element_type=\"column\" data-settings=\"{&quot;background_background&quot;:&quot;classic&quot;}\">\n\t\t\t<div class=\"elementor-column-wrap elementor-element-populated\">\n\t\t\t\t\t<div class=\"elementor-background-overlay\"><\/div>\n\t\t\t\t\t\t\t<div class=\"elementor-widget-wrap\">\n\t\t\t\t\t\t<div class=\"elementor-element elementor-element-bc57bb5 elementor-widget elementor-widget-heading\" data-id=\"bc57bb5\" data-element_type=\"widget\" data-widget_type=\"heading.default\">\n\t\t\t\t<div class=\"elementor-widget-container\">\n\t\t\t<h2 class=\"elementor-heading-title elementor-size-default\"><a href=\"https:\/\/www.mecasonic.com\/es\/packaging\/\">Packaging<\/a><\/h2>\t\t<\/div>\n\t\t\t\t<\/div>\n\t\t\t\t\t\t<\/div>\n\t\t\t\t\t<\/div>\n\t\t<\/div>\n\t\t\t\t\t\t\t\t<\/div>\n\t\t\t\t\t<\/div>\n\t\t<\/section>\n\t\t\t\t<section class=\"elementor-section elementor-top-section elementor-element elementor-element-e6ede1d elementor-section-full_width elementor-section-height-min-height elementor-section-items-top elementor-section-height-default default-style\" data-id=\"e6ede1d\" data-element_type=\"section\" data-settings=\"{&quot;rt_color_sets&quot;:&quot;default-style&quot;}\">\n\t\t\t\t\t\t<div class=\"elementor-container elementor-column-gap-no\">\n\t\t\t\t\t\t\t<div class=\"elementor-row\">\n\t\t\t\t\t<div class=\"elementor-column elementor-col-25 elementor-top-column elementor-element elementor-element-320e1ac\" data-id=\"320e1ac\" data-element_type=\"column\" data-settings=\"{&quot;background_background&quot;:&quot;classic&quot;}\">\n\t\t\t<div class=\"elementor-column-wrap elementor-element-populated\">\n\t\t\t\t\t<div class=\"elementor-background-overlay\"><\/div>\n\t\t\t\t\t\t\t<div class=\"elementor-widget-wrap\">\n\t\t\t\t\t\t<div class=\"elementor-element elementor-element-9fb5069 elementor-widget elementor-widget-heading\" data-id=\"9fb5069\" data-element_type=\"widget\" data-widget_type=\"heading.default\">\n\t\t\t\t<div class=\"elementor-widget-container\">\n\t\t\t<h2 class=\"elementor-heading-title elementor-size-default\"><a href=\"https:\/\/www.mecasonic.com\/es\/cosmetica\/\">Cosm\u00e9tica<\/a><\/h2>\t\t<\/div>\n\t\t\t\t<\/div>\n\t\t\t\t\t\t<\/div>\n\t\t\t\t\t<\/div>\n\t\t<\/div>\n\t\t\t\t<div class=\"elementor-column elementor-col-25 elementor-top-column elementor-element elementor-element-488077c\" data-id=\"488077c\" data-element_type=\"column\" data-settings=\"{&quot;background_background&quot;:&quot;classic&quot;}\">\n\t\t\t<div class=\"elementor-column-wrap elementor-element-populated\">\n\t\t\t\t\t<div class=\"elementor-background-overlay\"><\/div>\n\t\t\t\t\t\t\t<div class=\"elementor-widget-wrap\">\n\t\t\t\t\t\t<div class=\"elementor-element elementor-element-00600ba elementor-widget elementor-widget-heading\" data-id=\"00600ba\" data-element_type=\"widget\" data-widget_type=\"heading.default\">\n\t\t\t\t<div class=\"elementor-widget-container\">\n\t\t\t<h2 class=\"elementor-heading-title elementor-size-default\"><a href=\"https:\/\/www.mecasonic.com\/es\/textil\/\">Textil<\/a><\/h2>\t\t<\/div>\n\t\t\t\t<\/div>\n\t\t\t\t\t\t<\/div>\n\t\t\t\t\t<\/div>\n\t\t<\/div>\n\t\t\t\t<div class=\"elementor-column elementor-col-50 elementor-top-column elementor-element elementor-element-6cbd704\" data-id=\"6cbd704\" data-element_type=\"column\" data-settings=\"{&quot;background_background&quot;:&quot;classic&quot;}\">\n\t\t\t<div class=\"elementor-column-wrap elementor-element-populated\">\n\t\t\t\t\t<div class=\"elementor-background-overlay\"><\/div>\n\t\t\t\t\t\t\t<div class=\"elementor-widget-wrap\">\n\t\t\t\t\t\t<div class=\"elementor-element elementor-element-41e1fe5 elementor-widget elementor-widget-heading\" data-id=\"41e1fe5\" data-element_type=\"widget\" data-widget_type=\"heading.default\">\n\t\t\t\t<div class=\"elementor-widget-container\">\n\t\t\t<h2 class=\"elementor-heading-title elementor-size-default\"><a href=\"https:\/\/www.mecasonic.com\/es\/electronica\/\">Electr\u00f3nica<\/a><\/h2>\t\t<\/div>\n\t\t\t\t<\/div>\n\t\t\t\t\t\t<\/div>\n\t\t\t\t\t<\/div>\n\t\t<\/div>\n\t\t\t\t\t\t\t\t<\/div>\n\t\t\t\t\t<\/div>\n\t\t<\/section>\n\t\t\t\t<section class=\"elementor-section elementor-top-section elementor-element elementor-element-fe3350e elementor-section-full_width elementor-section-height-min-height elementor-section-items-top elementor-section-height-default default-style\" data-id=\"fe3350e\" data-element_type=\"section\" data-settings=\"{&quot;rt_color_sets&quot;:&quot;default-style&quot;}\">\n\t\t\t\t\t\t<div class=\"elementor-container elementor-column-gap-no\">\n\t\t\t\t\t\t\t<div class=\"elementor-row\">\n\t\t\t\t\t<div class=\"elementor-column elementor-col-25 elementor-top-column elementor-element elementor-element-937b134\" data-id=\"937b134\" data-element_type=\"column\" data-settings=\"{&quot;background_background&quot;:&quot;classic&quot;}\">\n\t\t\t<div class=\"elementor-column-wrap elementor-element-populated\">\n\t\t\t\t\t<div class=\"elementor-background-overlay\"><\/div>\n\t\t\t\t\t\t\t<div class=\"elementor-widget-wrap\">\n\t\t\t\t\t\t<div class=\"elementor-element elementor-element-099b6cc elementor-widget elementor-widget-heading\" data-id=\"099b6cc\" data-element_type=\"widget\" data-widget_type=\"heading.default\">\n\t\t\t\t<div class=\"elementor-widget-container\">\n\t\t\t<h2 class=\"elementor-heading-title elementor-size-default\"><a href=\"https:\/\/www.mecasonic.com\/es\/sanitario\/\">Sanitario<\/a><\/h2>\t\t<\/div>\n\t\t\t\t<\/div>\n\t\t\t\t\t\t<\/div>\n\t\t\t\t\t<\/div>\n\t\t<\/div>\n\t\t\t\t<div class=\"elementor-column elementor-col-25 elementor-top-column elementor-element elementor-element-5513b59\" data-id=\"5513b59\" data-element_type=\"column\" data-settings=\"{&quot;background_background&quot;:&quot;classic&quot;}\">\n\t\t\t<div class=\"elementor-column-wrap elementor-element-populated\">\n\t\t\t\t\t<div class=\"elementor-background-overlay\"><\/div>\n\t\t\t\t\t\t\t<div class=\"elementor-widget-wrap\">\n\t\t\t\t\t\t<div class=\"elementor-element elementor-element-2ad55ee elementor-widget elementor-widget-heading\" data-id=\"2ad55ee\" data-element_type=\"widget\" data-widget_type=\"heading.default\">\n\t\t\t\t<div class=\"elementor-widget-container\">\n\t\t\t<h2 class=\"elementor-heading-title elementor-size-default\"><a href=\"https:\/\/www.mecasonic.com\/es\/electrodomesticos\/\">Electrodom\u00e9sticos<\/a><\/h2>\t\t<\/div>\n\t\t\t\t<\/div>\n\t\t\t\t\t\t<\/div>\n\t\t\t\t\t<\/div>\n\t\t<\/div>\n\t\t\t\t<div class=\"elementor-column elementor-col-25 elementor-top-column elementor-element elementor-element-cc2bb76\" data-id=\"cc2bb76\" data-element_type=\"column\" data-settings=\"{&quot;background_background&quot;:&quot;classic&quot;}\">\n\t\t\t<div class=\"elementor-column-wrap elementor-element-populated\">\n\t\t\t\t\t<div class=\"elementor-background-overlay\"><\/div>\n\t\t\t\t\t\t\t<div class=\"elementor-widget-wrap\">\n\t\t\t\t\t\t<div class=\"elementor-element elementor-element-1c9d17f elementor-widget elementor-widget-heading\" data-id=\"1c9d17f\" data-element_type=\"widget\" data-widget_type=\"heading.default\">\n\t\t\t\t<div class=\"elementor-widget-container\">\n\t\t\t<h2 class=\"elementor-heading-title elementor-size-default\"><a href=\"https:\/\/www.mecasonic.com\/es\/metales\/\">Metales<\/a><\/h2>\t\t<\/div>\n\t\t\t\t<\/div>\n\t\t\t\t\t\t<\/div>\n\t\t\t\t\t<\/div>\n\t\t<\/div>\n\t\t\t\t<div class=\"elementor-column elementor-col-25 elementor-top-column elementor-element elementor-element-44d6772\" data-id=\"44d6772\" data-element_type=\"column\" data-settings=\"{&quot;background_background&quot;:&quot;classic&quot;}\">\n\t\t\t<div class=\"elementor-column-wrap elementor-element-populated\">\n\t\t\t\t\t<div class=\"elementor-background-overlay\"><\/div>\n\t\t\t\t\t\t\t<div class=\"elementor-widget-wrap\">\n\t\t\t\t\t\t<div class=\"elementor-element elementor-element-26034af elementor-widget elementor-widget-heading\" data-id=\"26034af\" data-element_type=\"widget\" data-widget_type=\"heading.default\">\n\t\t\t\t<div class=\"elementor-widget-container\">\n\t\t\t<h2 class=\"elementor-heading-title elementor-size-default\"><a href=\"https:\/\/www.mecasonic.com\/es\/ocio\/\">Ocio<\/a><\/h2>\t\t<\/div>\n\t\t\t\t<\/div>\n\t\t\t\t\t\t<\/div>\n\t\t\t\t\t<\/div>\n\t\t<\/div>\n\t\t\t\t\t\t\t\t<\/div>\n\t\t\t\t\t<\/div>\n\t\t<\/section>\n\t\t\t\t\t\t<\/div>\n\t\t\t\t\t\t<\/div>\n\t\t\t\t\t<\/div>\n\t\t","protected":false},"excerpt":{"rendered":"<p>Aplicaciones de soldadura Nuestro liderazgo en el terreno de la soldadura de termopl\u00e1sticos y corte por ultrasonidos se basa en nuestra capacidad para innovar y responder a las expectativas de nuestros clientes, que proceden de sectores como la alimentaci\u00f3n, el autom\u00f3vil, la cosm\u00e9tica, los electrodom\u00e9sticos, la electr\u00f3nica, el ocio, el \u00e1mbito sanitario, la metalurgia, los [&hellip;]<\/p>\n","protected":false},"author":1,"featured_media":14876,"parent":0,"menu_order":0,"comment_status":"closed","ping_status":"closed","template":"elementor_header_footer","meta":[],"yoast_head":"<!-- This site is optimized with the Yoast SEO plugin v17.2 - https:\/\/yoast.com\/wordpress\/plugins\/seo\/ -->\n<title>Soldadura y corte para autom\u00f3vil, packaging, sanitario, alimentaci\u00f3n<\/title>\n<meta name=\"description\" content=\"Aplicaciones de soldadura de los thermoplasticos y corte para autom\u00f3vil, packaging, sanitario, alimentaci\u00f3n, cosm\u00e9tica, textil, electr\u00f3nica\" \/>\n<meta name=\"robots\" content=\"index, follow, max-snippet:-1, max-image-preview:large, max-video-preview:-1\" \/>\n<link rel=\"canonical\" href=\"https:\/\/www.mecasonic.com\/es\/aplicaciones\/\" \/>\n<meta property=\"og:locale\" content=\"es_ES\" \/>\n<meta property=\"og:type\" content=\"article\" \/>\n<meta property=\"og:title\" content=\"Soldadura y corte para autom\u00f3vil, packaging, sanitario, alimentaci\u00f3n\" \/>\n<meta property=\"og:description\" content=\"Aplicaciones de soldadura de los thermoplasticos y corte para autom\u00f3vil, packaging, sanitario, alimentaci\u00f3n, cosm\u00e9tica, textil, electr\u00f3nica\" \/>\n<meta property=\"og:url\" content=\"https:\/\/www.mecasonic.com\/es\/aplicaciones\/\" \/>\n<meta property=\"og:site_name\" content=\"Mecasonic\" \/>\n<meta property=\"article:modified_time\" content=\"2025-06-16T10:02:48+00:00\" \/>\n<meta property=\"og:image\" content=\"https:\/\/www.mecasonic.com\/wp-content\/uploads\/2024\/10\/Applications-medical-soudure-ultrasons-MECASONIC.jpg\" \/>\n\t<meta property=\"og:image:width\" content=\"1134\" \/>\n\t<meta property=\"og:image:height\" content=\"1162\" \/>\n<meta name=\"twitter:card\" content=\"summary_large_image\" \/>\n<meta name=\"twitter:label1\" content=\"Tiempo de lectura\" \/>\n\t<meta name=\"twitter:data1\" content=\"1 minuto\" \/>\n<script type=\"application\/ld+json\" class=\"yoast-schema-graph\">{\"@context\":\"https:\/\/schema.org\",\"@graph\":[{\"@type\":\"Organization\",\"@id\":\"https:\/\/www.mecasonic.com\/es\/#organization\",\"name\":\"Mecasonic - Plastic Welding Solutions\",\"url\":\"https:\/\/www.mecasonic.com\/es\/\",\"sameAs\":[],\"logo\":{\"@type\":\"ImageObject\",\"@id\":\"https:\/\/www.mecasonic.com\/es\/#logo\",\"inLanguage\":\"es\",\"url\":\"https:\/\/www.mecasonic.com\/wp-content\/uploads\/2020\/12\/LOGO-MECA-MOBILE@2x.png\",\"contentUrl\":\"https:\/\/www.mecasonic.com\/wp-content\/uploads\/2020\/12\/LOGO-MECA-MOBILE@2x.png\",\"width\":500,\"height\":99,\"caption\":\"Mecasonic - Plastic Welding Solutions\"},\"image\":{\"@id\":\"https:\/\/www.mecasonic.com\/es\/#logo\"}},{\"@type\":\"WebSite\",\"@id\":\"https:\/\/www.mecasonic.com\/es\/#website\",\"url\":\"https:\/\/www.mecasonic.com\/es\/\",\"name\":\"Mecasonic\",\"description\":\"\",\"publisher\":{\"@id\":\"https:\/\/www.mecasonic.com\/es\/#organization\"},\"potentialAction\":[{\"@type\":\"SearchAction\",\"target\":{\"@type\":\"EntryPoint\",\"urlTemplate\":\"https:\/\/www.mecasonic.com\/es\/?s={search_term_string}\"},\"query-input\":\"required name=search_term_string\"}],\"inLanguage\":\"es\"},{\"@type\":\"ImageObject\",\"@id\":\"https:\/\/www.mecasonic.com\/es\/aplicaciones\/#primaryimage\",\"inLanguage\":\"es\",\"url\":\"https:\/\/www.mecasonic.com\/wp-content\/uploads\/2024\/10\/Applications-medical-soudure-ultrasons-MECASONIC.jpg\",\"contentUrl\":\"https:\/\/www.mecasonic.com\/wp-content\/uploads\/2024\/10\/Applications-medical-soudure-ultrasons-MECASONIC.jpg\",\"width\":1134,\"height\":1162,\"caption\":\"soudure ultrasons mecasonic medical\"},{\"@type\":\"WebPage\",\"@id\":\"https:\/\/www.mecasonic.com\/es\/aplicaciones\/#webpage\",\"url\":\"https:\/\/www.mecasonic.com\/es\/aplicaciones\/\",\"name\":\"Soldadura y corte para autom\\u00f3vil, packaging, sanitario, alimentaci\\u00f3n\",\"isPartOf\":{\"@id\":\"https:\/\/www.mecasonic.com\/es\/#website\"},\"primaryImageOfPage\":{\"@id\":\"https:\/\/www.mecasonic.com\/es\/aplicaciones\/#primaryimage\"},\"datePublished\":\"2020-09-17T09:34:18+00:00\",\"dateModified\":\"2025-06-16T10:02:48+00:00\",\"description\":\"Aplicaciones de soldadura de los thermoplasticos y corte para autom\\u00f3vil, packaging, sanitario, alimentaci\\u00f3n, cosm\\u00e9tica, textil, electr\\u00f3nica\",\"breadcrumb\":{\"@id\":\"https:\/\/www.mecasonic.com\/es\/aplicaciones\/#breadcrumb\"},\"inLanguage\":\"es\",\"potentialAction\":[{\"@type\":\"ReadAction\",\"target\":[\"https:\/\/www.mecasonic.com\/es\/aplicaciones\/\"]}]},{\"@type\":\"BreadcrumbList\",\"@id\":\"https:\/\/www.mecasonic.com\/es\/aplicaciones\/#breadcrumb\",\"itemListElement\":[{\"@type\":\"ListItem\",\"position\":1,\"name\":\"Accueil\",\"item\":\"https:\/\/www.mecasonic.com\/es\/\"},{\"@type\":\"ListItem\",\"position\":2,\"name\":\"Aplicaciones\"}]}]}<\/script>\n<!-- \/ Yoast SEO plugin. -->","yoast_head_json":{"title":"Soldadura y corte para autom\u00f3vil, packaging, sanitario, alimentaci\u00f3n","description":"Aplicaciones de soldadura de los thermoplasticos y corte para autom\u00f3vil, packaging, sanitario, alimentaci\u00f3n, cosm\u00e9tica, textil, electr\u00f3nica","robots":{"index":"index","follow":"follow","max-snippet":"max-snippet:-1","max-image-preview":"max-image-preview:large","max-video-preview":"max-video-preview:-1"},"canonical":"https:\/\/www.mecasonic.com\/es\/aplicaciones\/","og_locale":"es_ES","og_type":"article","og_title":"Soldadura y corte para autom\u00f3vil, packaging, sanitario, alimentaci\u00f3n","og_description":"Aplicaciones de soldadura de los thermoplasticos y corte para autom\u00f3vil, packaging, sanitario, alimentaci\u00f3n, cosm\u00e9tica, textil, electr\u00f3nica","og_url":"https:\/\/www.mecasonic.com\/es\/aplicaciones\/","og_site_name":"Mecasonic","article_modified_time":"2025-06-16T10:02:48+00:00","og_image":[{"width":1134,"height":1162,"url":"https:\/\/www.mecasonic.com\/wp-content\/uploads\/2024\/10\/Applications-medical-soudure-ultrasons-MECASONIC.jpg","path":"\/srv\/data\/web\/vhosts\/mecasonic.pro\/htdocs\/wp-content\/uploads\/2024\/10\/Applications-medical-soudure-ultrasons-MECASONIC.jpg","size":"full","id":14876,"alt":"soudure ultrasons mecasonic medical","pixels":1317708,"type":"image\/jpeg"}],"twitter_card":"summary_large_image","twitter_misc":{"Tiempo de lectura":"1 minuto"},"schema":{"@context":"https:\/\/schema.org","@graph":[{"@type":"Organization","@id":"https:\/\/www.mecasonic.com\/es\/#organization","name":"Mecasonic - Plastic Welding Solutions","url":"https:\/\/www.mecasonic.com\/es\/","sameAs":[],"logo":{"@type":"ImageObject","@id":"https:\/\/www.mecasonic.com\/es\/#logo","inLanguage":"es","url":"https:\/\/www.mecasonic.com\/wp-content\/uploads\/2020\/12\/LOGO-MECA-MOBILE@2x.png","contentUrl":"https:\/\/www.mecasonic.com\/wp-content\/uploads\/2020\/12\/LOGO-MECA-MOBILE@2x.png","width":500,"height":99,"caption":"Mecasonic - Plastic Welding Solutions"},"image":{"@id":"https:\/\/www.mecasonic.com\/es\/#logo"}},{"@type":"WebSite","@id":"https:\/\/www.mecasonic.com\/es\/#website","url":"https:\/\/www.mecasonic.com\/es\/","name":"Mecasonic","description":"","publisher":{"@id":"https:\/\/www.mecasonic.com\/es\/#organization"},"potentialAction":[{"@type":"SearchAction","target":{"@type":"EntryPoint","urlTemplate":"https:\/\/www.mecasonic.com\/es\/?s={search_term_string}"},"query-input":"required name=search_term_string"}],"inLanguage":"es"},{"@type":"ImageObject","@id":"https:\/\/www.mecasonic.com\/es\/aplicaciones\/#primaryimage","inLanguage":"es","url":"https:\/\/www.mecasonic.com\/wp-content\/uploads\/2024\/10\/Applications-medical-soudure-ultrasons-MECASONIC.jpg","contentUrl":"https:\/\/www.mecasonic.com\/wp-content\/uploads\/2024\/10\/Applications-medical-soudure-ultrasons-MECASONIC.jpg","width":1134,"height":1162,"caption":"soudure ultrasons mecasonic medical"},{"@type":"WebPage","@id":"https:\/\/www.mecasonic.com\/es\/aplicaciones\/#webpage","url":"https:\/\/www.mecasonic.com\/es\/aplicaciones\/","name":"Soldadura y corte para autom\u00f3vil, packaging, sanitario, alimentaci\u00f3n","isPartOf":{"@id":"https:\/\/www.mecasonic.com\/es\/#website"},"primaryImageOfPage":{"@id":"https:\/\/www.mecasonic.com\/es\/aplicaciones\/#primaryimage"},"datePublished":"2020-09-17T09:34:18+00:00","dateModified":"2025-06-16T10:02:48+00:00","description":"Aplicaciones de soldadura de los thermoplasticos y corte para autom\u00f3vil, packaging, sanitario, alimentaci\u00f3n, cosm\u00e9tica, textil, electr\u00f3nica","breadcrumb":{"@id":"https:\/\/www.mecasonic.com\/es\/aplicaciones\/#breadcrumb"},"inLanguage":"es","potentialAction":[{"@type":"ReadAction","target":["https:\/\/www.mecasonic.com\/es\/aplicaciones\/"]}]},{"@type":"BreadcrumbList","@id":"https:\/\/www.mecasonic.com\/es\/aplicaciones\/#breadcrumb","itemListElement":[{"@type":"ListItem","position":1,"name":"Accueil","item":"https:\/\/www.mecasonic.com\/es\/"},{"@type":"ListItem","position":2,"name":"Aplicaciones"}]}]}},"_links":{"self":[{"href":"https:\/\/www.mecasonic.com\/es\/wp-json\/wp\/v2\/pages\/6084"}],"collection":[{"href":"https:\/\/www.mecasonic.com\/es\/wp-json\/wp\/v2\/pages"}],"about":[{"href":"https:\/\/www.mecasonic.com\/es\/wp-json\/wp\/v2\/types\/page"}],"author":[{"embeddable":true,"href":"https:\/\/www.mecasonic.com\/es\/wp-json\/wp\/v2\/users\/1"}],"replies":[{"embeddable":true,"href":"https:\/\/www.mecasonic.com\/es\/wp-json\/wp\/v2\/comments?post=6084"}],"version-history":[{"count":14,"href":"https:\/\/www.mecasonic.com\/es\/wp-json\/wp\/v2\/pages\/6084\/revisions"}],"predecessor-version":[{"id":9278,"href":"https:\/\/www.mecasonic.com\/es\/wp-json\/wp\/v2\/pages\/6084\/revisions\/9278"}],"wp:featuredmedia":[{"embeddable":true,"href":"https:\/\/www.mecasonic.com\/es\/wp-json\/wp\/v2\/media\/14876"}],"wp:attachment":[{"href":"https:\/\/www.mecasonic.com\/es\/wp-json\/wp\/v2\/media?parent=6084"}],"curies":[{"name":"wp","href":"https:\/\/api.w.org\/{rel}","templated":true}]}}