{"id":6195,"date":"2017-06-27T16:41:01","date_gmt":"2017-06-27T16:41:01","guid":{"rendered":"https:\/\/www.mecasonic.com\/actus\/"},"modified":"2021-02-17T15:37:36","modified_gmt":"2021-02-17T14:37:36","slug":"noticias","status":"publish","type":"page","link":"https:\/\/www.mecasonic.com\/es\/noticias\/","title":{"rendered":"Noticias"},"content":{"rendered":"\t\t<div data-elementor-type=\"wp-page\" data-elementor-id=\"6195\" class=\"elementor elementor-6195 elementor-3881\" data-elementor-settings=\"[]\">\n\t\t\t\t\t\t<div class=\"elementor-inner\">\n\t\t\t\t\t\t\t<div class=\"elementor-section-wrap\">\n\t\t\t\t\t\t\t<section class=\"elementor-section elementor-top-section elementor-element elementor-element-nranrbp elementor-section-boxed elementor-section-height-default elementor-section-height-default default-style\" data-id=\"nranrbp\" data-element_type=\"section\" data-settings=\"{&quot;background_background&quot;:&quot;classic&quot;,&quot;rt_color_sets&quot;:&quot;default-style&quot;}\">\n\t\t\t\t\t\t<div class=\"elementor-container elementor-column-gap-default\">\n\t\t\t\t\t\t\t<div class=\"elementor-row\">\n\t\t\t\t\t<div class=\"elementor-column elementor-col-100 elementor-top-column elementor-element elementor-element-ebehnho\" data-id=\"ebehnho\" data-element_type=\"column\">\n\t\t\t<div class=\"elementor-column-wrap elementor-element-populated\">\n\t\t\t\t\t\t\t<div class=\"elementor-widget-wrap\">\n\t\t\t\t\t\t<div class=\"elementor-element elementor-element-mwlsxps elementor-widget elementor-widget-rt-blog\" data-id=\"mwlsxps\" data-element_type=\"widget\" data-widget_type=\"rt-blog.default\">\n\t\t\t\t<div class=\"elementor-widget-container\">\n\t\t\t\n<div id=\"blog-dynamicID-158611\" class=\"blog_list clearfix row masonry-gallery\" data-column-width=\"2\">\n<article id=\"14812\" class=\"col col-sm-6 rt-dynamic post-14812 post type-post status-publish format-standard has-post-thumbnail hentry category-evento\"><div class=\"post-content-wrapper boxed\">\n \n\n<!-- blog box-->\n\t\t\t\t<figure class=\"featured_image featured_media\">\n\t\t\t<a href=\"https:\/\/www.mecasonic.com\/es\/una-nueva-pelicula-sobre-mecasonic\/\" title=\"Una nueva pel\u00edcula sobre MECASONIC\" class=\"imgeffect link featured_image\"><img src=\"https:\/\/www.mecasonic.com\/wp-content\/uploads\/2024\/09\/miniature-MECASONIC_back-to-work-610x343.jpg\" alt=\"\" class=\"\" width=\"610\" height=\"343\" \/><\/a>\t\t\n\t\t<\/figure> \n\t\t\n\t<a href=\"https:\/\/www.mecasonic.com\/es\/una-nueva-pelicula-sobre-mecasonic\/\" title=\"Una nueva pel\u00edcula sobre MECASONIC\" class=\"post-date\">9 septiembre 2024<\/a>\t\t\t\t\n\n\t<div class=\"entry-content text\">\n\n\t\t<!-- blog headline-->\n\t\t<h5 class=\"entry-title\"><a href=\"https:\/\/www.mecasonic.com\/es\/una-nueva-pelicula-sobre-mecasonic\/\" rel=\"bookmark\">Una nueva pel\u00edcula sobre MECASONIC<\/a><\/h5> \n\n\t\t\n\t\t<p>\u00a1Estamos felices de presentarles la nueva pel\u00edcula MECASONIC! \ud83d\ude0a Esta pel\u00edcula destaca nuestra profesi\u00f3n y nuestra vocaci\u00f3n: satisfacer las demandas de una industria moderna y cautivadora con compromiso, innovaci\u00f3n, calidad y pasi\u00f3n. \u00a1En tan solo unos...<\/p>\t<\/div> \n\n\t<div class=\"entry-footer\">\n\n\t\t<a href=\"https:\/\/www.mecasonic.com\/es\/una-nueva-pelicula-sobre-mecasonic\/\" class=\"read_more\">Continue reading<\/a>\n\t<\/div>\n\n<!-- \/ blog box-->\n<\/div><\/article>\n<article id=\"14165\" class=\"col col-sm-6 rt-dynamic post-14165 post type-post status-publish format-standard has-post-thumbnail hentry category-evento\"><div class=\"post-content-wrapper boxed\">\n \n\n<!-- blog box-->\n\t\t\t\t<figure class=\"featured_image featured_media\">\n\t\t\t<a href=\"https:\/\/www.mecasonic.com\/es\/encuentra-mecasonic-en-equiplast-en-barcelona\/\" title=\"Encuentra Mecasonic en Equiplast en Barcelona\" class=\"imgeffect link featured_image\"><img src=\"https:\/\/www.mecasonic.com\/wp-content\/uploads\/2023\/04\/EQUIPLAT-Mecasonic-Omega-4-X2023-610x611.jpg\" alt=\"\" class=\"\" width=\"610\" height=\"611\" \/><\/a>\t\t\n\t\t<\/figure> \n\t\t\n\t<a href=\"https:\/\/www.mecasonic.com\/es\/encuentra-mecasonic-en-equiplast-en-barcelona\/\" title=\"Encuentra Mecasonic en Equiplast en Barcelona\" class=\"post-date\">11 abril 2023<\/a>\t\t\t\t\n\n\t<div class=\"entry-content text\">\n\n\t\t<!-- blog headline-->\n\t\t<h5 class=\"entry-title\"><a href=\"https:\/\/www.mecasonic.com\/es\/encuentra-mecasonic-en-equiplast-en-barcelona\/\" rel=\"bookmark\">Encuentra Mecasonic en Equiplast en Barcelona<\/a><\/h5> \n\n\t\t\n\t\t<p>Mecasonic estar\u00e1 a la exposici\u00f3n internacional del pl\u00e1stico y el caucho en Barcelona del 30 de mayo al 2 de junio 2023. Mecasonic presentar\u00e1 sus soluciones de ensamblado de termopl\u00e1sticos por ultrasonidos y por rotaci\u00f3n. Las soldadoras Omega 4 X y Om...<\/p>\t<\/div> \n\n\t<div class=\"entry-footer\">\n\n\t\t<a href=\"https:\/\/www.mecasonic.com\/es\/encuentra-mecasonic-en-equiplast-en-barcelona\/\" class=\"read_more\">Continue reading<\/a>\n\t<\/div>\n\n<!-- \/ blog box-->\n<\/div><\/article>\n<article id=\"13517\" class=\"col col-sm-6 rt-dynamic post-13517 post type-post status-publish format-standard has-post-thumbnail hentry category-evento\"><div class=\"post-content-wrapper boxed\">\n \n\n<!-- blog box-->\n\t\t\t\t<figure class=\"featured_image featured_media\">\n\t\t\t<a href=\"https:\/\/www.mecasonic.com\/es\/encontra-mecasonic-en-la-k-de-dusseldorf-alemania\/\" title=\"Encuentra Mecasonic en la K de D\u00fcsseldorf &#8211; Alemania\" class=\"imgeffect link featured_image\"><img src=\"https:\/\/www.mecasonic.com\/wp-content\/uploads\/2022\/08\/K_2022_Mecasonic_72ppi_800px-scaled-610x330.jpg\" alt=\"\" class=\"\" width=\"610\" height=\"330\" \/><\/a>\t\t\n\t\t<\/figure> \n\t\t\n\t<a href=\"https:\/\/www.mecasonic.com\/es\/encontra-mecasonic-en-la-k-de-dusseldorf-alemania\/\" title=\"Encuentra Mecasonic en la K de D\u00fcsseldorf &#8211; Alemania\" class=\"post-date\">7 septiembre 2022<\/a>\t\t\t\t\n\n\t<div class=\"entry-content text\">\n\n\t\t<!-- blog headline-->\n\t\t<h5 class=\"entry-title\"><a href=\"https:\/\/www.mecasonic.com\/es\/encontra-mecasonic-en-la-k-de-dusseldorf-alemania\/\" rel=\"bookmark\">Encuentra Mecasonic en la K de D\u00fcsseldorf &#8211; Alemania<\/a><\/h5> \n\n\t\t\n\t\t<p>Nos complace anunciar la participaci\u00f3n de Mecasonic en la K de D\u00fcsseldorf. \ud83d\udce2 K \u2013 The World\u00b4s No.1 Trade Fair for Plastics and Rubber \ud83d\udcc5 19 &#8211; 26 octubre 2022 \ud83d\udccd Hall 11 | Stand I45 Ven a conocernos a la exposici\u00f3n mundial del pl\u00e1stico y el caucho...<\/p>\t<\/div> \n\n\t<div class=\"entry-footer\">\n\n\t\t<a href=\"https:\/\/www.mecasonic.com\/es\/encontra-mecasonic-en-la-k-de-dusseldorf-alemania\/\" class=\"read_more\">Continue reading<\/a>\n\t<\/div>\n\n<!-- \/ blog box-->\n<\/div><\/article>\n<article id=\"13129\" class=\"col col-sm-6 rt-dynamic post-13129 post type-post status-publish format-standard has-post-thumbnail hentry category-evento\"><div class=\"post-content-wrapper boxed\">\n \n\n<!-- blog box-->\n\t\t\t\t<figure class=\"featured_image featured_media\">\n\t\t\t<a href=\"https:\/\/www.mecasonic.com\/es\/mecasonic-en-la-feria-new-tech-en-tel-aviv\/\" title=\"Mecasonic en la feria NEW-TECH en Tel Aviv\" class=\"imgeffect link featured_image\"><img src=\"https:\/\/www.mecasonic.com\/wp-content\/uploads\/2022\/05\/new-tech2022-Israel-Mecasonic-01-610x307.jpg\" alt=\"\" class=\"\" width=\"610\" height=\"307\" \/><\/a>\t\t\n\t\t<\/figure> \n\t\t\n\t<a href=\"https:\/\/www.mecasonic.com\/es\/mecasonic-en-la-feria-new-tech-en-tel-aviv\/\" title=\"Mecasonic en la feria NEW-TECH en Tel Aviv\" class=\"post-date\">4 mayo 2022<\/a>\t\t\t\t\n\n\t<div class=\"entry-content text\">\n\n\t\t<!-- blog headline-->\n\t\t<h5 class=\"entry-title\"><a href=\"https:\/\/www.mecasonic.com\/es\/mecasonic-en-la-feria-new-tech-en-tel-aviv\/\" rel=\"bookmark\">Mecasonic en la feria NEW-TECH en Tel Aviv<\/a><\/h5> \n\n\t\t\n\t\t<p>Mecasonic estar\u00e1 presente en la feria #NEW-TECH en Israel \ud83d\udccd Tel Aviv \ud83d\udcc5 24 et 25 mayo 2022 \ud83d\udce2 Stand n\u00b0 54. La Exposici\u00f3n New\u2013Tech 2022 es la exposici\u00f3n m\u00e1s grande e importante de Hi\u2013Tech &amp; Electronics en Israel. M\u00e1s de 150 empresas, que lideran est...<\/p>\t<\/div> \n\n\t<div class=\"entry-footer\">\n\n\t\t<a href=\"https:\/\/www.mecasonic.com\/es\/mecasonic-en-la-feria-new-tech-en-tel-aviv\/\" class=\"read_more\">Continue reading<\/a>\n\t<\/div>\n\n<!-- \/ blog box-->\n<\/div><\/article>\n<article id=\"6175\" class=\"col col-sm-6 rt-dynamic post-6175 post type-post status-publish format-standard has-post-thumbnail hentry category-ambitos-de-aplicacion\"><div class=\"post-content-wrapper boxed\">\n \n\n<!-- blog box-->\n\t\t\t\t<figure class=\"featured_image featured_media\">\n\t\t\t<a href=\"https:\/\/www.mecasonic.com\/es\/maquina-para-soldar-mascarillas-quirurgicas-por-ultrasonidos\/\" title=\"M\u00e1quina para soldar mascarillas quir\u00fargicas por ultrasonidos\" class=\"imgeffect link featured_image\"><img src=\"https:\/\/www.mecasonic.com\/wp-content\/uploads\/2017\/06\/masque2-610x405.jpg\" alt=\"\" class=\"\" width=\"610\" height=\"405\" \/><\/a>\t\t\n\t\t<\/figure> \n\t\t\n\t<a href=\"https:\/\/www.mecasonic.com\/es\/maquina-para-soldar-mascarillas-quirurgicas-por-ultrasonidos\/\" title=\"M\u00e1quina para soldar mascarillas quir\u00fargicas por ultrasonidos\" class=\"post-date\">27 junio 2020<\/a>\t\t\t\t\n\n\t<div class=\"entry-content text\">\n\n\t\t<!-- blog headline-->\n\t\t<h5 class=\"entry-title\"><a href=\"https:\/\/www.mecasonic.com\/es\/maquina-para-soldar-mascarillas-quirurgicas-por-ultrasonidos\/\" rel=\"bookmark\">M\u00e1quina para soldar mascarillas quir\u00fargicas por ultrasonidos<\/a><\/h5> \n\n\t\t\n\t\t<p>M\u00e1quina para soldar mascarillas quir\u00fargicas por ultrasonidos Mecasonic puede cubrir cualquier necesidad de maquinaria o herramientas de ultrasonidos para las soldaduras de mascarillas quir\u00fargicas. A la vista de la urgencia de la situaci\u00f3n, en nuestra...<\/p>\t<\/div> \n\n\t<div class=\"entry-footer\">\n\n\t\t<a href=\"https:\/\/www.mecasonic.com\/es\/maquina-para-soldar-mascarillas-quirurgicas-por-ultrasonidos\/\" class=\"read_more\">Continue reading<\/a>\n\t<\/div>\n\n<!-- \/ blog box-->\n<\/div><\/article>\n<article id=\"6179\" class=\"col col-sm-6 rt-dynamic post-6179 post type-post status-publish format-standard has-post-thumbnail hentry category-ambitos-de-aplicacion\"><div class=\"post-content-wrapper boxed\">\n \n\n<!-- blog box-->\n\t\t\t\t<figure class=\"featured_image featured_media\">\n\t\t\t<a href=\"https:\/\/www.mecasonic.com\/es\/maquina-de-corte-por-ultrasonidos-para-el-sector-alimentario\/\" title=\"M\u00e1quina de corte por ultrasonidos para el sector alimentario\" class=\"imgeffect link featured_image\"><img src=\"https:\/\/www.mecasonic.com\/wp-content\/uploads\/2017\/06\/Decoupe-uLtrasons-alimentaire-mecasonic-scaled-610x306.jpg\" alt=\"\" class=\"\" width=\"610\" height=\"306\" \/><\/a>\t\t\n\t\t<\/figure> \n\t\t\n\t<a href=\"https:\/\/www.mecasonic.com\/es\/maquina-de-corte-por-ultrasonidos-para-el-sector-alimentario\/\" title=\"M\u00e1quina de corte por ultrasonidos para el sector alimentario\" class=\"post-date\">27 junio 2020<\/a>\t\t\t\t\n\n\t<div class=\"entry-content text\">\n\n\t\t<!-- blog headline-->\n\t\t<h5 class=\"entry-title\"><a href=\"https:\/\/www.mecasonic.com\/es\/maquina-de-corte-por-ultrasonidos-para-el-sector-alimentario\/\" rel=\"bookmark\">M\u00e1quina de corte por ultrasonidos para el sector alimentario<\/a><\/h5> \n\n\t\t\n\t\t<p>Mecasonic ofrece a la industria alimentaria una herramienta de corte muy eficaz. Con el rebanado y loncheado por ultrasonidos se puede trabajar con productos blandos, pegajosos o que puedan hacerse pedazos gracias a que se consigue una penetraci\u00f3n li...<\/p>\t<\/div> \n\n\t<div class=\"entry-footer\">\n\n\t\t<a href=\"https:\/\/www.mecasonic.com\/es\/maquina-de-corte-por-ultrasonidos-para-el-sector-alimentario\/\" class=\"read_more\">Continue reading<\/a>\n\t<\/div>\n\n<!-- \/ blog box-->\n<\/div><\/article>\n<\/div>\n<button href=\"#\" class=\"load_more button_ small style-1 aligncenter\" autocomplete=\"off\" data-atts=\"id%2Ablog-dynamicID-158611%7Carchive%2Afalse%7Clist_layout%2A1%2F2%7Clayout_style%2Amasonry%7Cheading_size%2Ah5%7Cshow_author%2Afalse%7Cshow_categories%2Afalse%7Cshow_comment_numbers%2Afalse%7Cshow_date%2Atrue%7Cshow_share%2Afalse%7Cfeatured_image_resize%2A%7Cfeatured_image_max_width%2A%7Cfeatured_image_max_height%2A%7Cfeatured_image_crop%2A%7Cpagination%2Atrue%7Cajax_pagination%2Atrue%7Cuse_excerpts%2Atrue%7Cexcerpt_length%2A250%7Clist_orderby%2Adate%7Clist_order%2ADESC%7Citem_per_page%2A6%7Ccategories%2A%7Cajax%2Afalse%7Cpaged%2A0%7Cwpml_lang%2A%7Cbox_style%2Aboxed%7Cshow_featured_media%2Atrue%7Cpurpose%2Ablog\" data-page_count=\"2\" data-current_page=\"1\" data-listid=\"blog-dynamicID-158611\"><span><span class=\"button-icon ui-icon-angle-down\"><\/span><span>LOAD MORE<\/span><\/span><\/button>\t\t<\/div>\n\t\t\t\t<\/div>\n\t\t\t\t\t\t<\/div>\n\t\t\t\t\t<\/div>\n\t\t<\/div>\n\t\t\t\t\t\t\t\t<\/div>\n\t\t\t\t\t<\/div>\n\t\t<\/section>\n\t\t\t\t\t\t<\/div>\n\t\t\t\t\t\t<\/div>\n\t\t\t\t\t<\/div>\n\t\t","protected":false},"excerpt":{"rendered":"<p>27 juin 2017 Machine pour soudure par ultrasons de masque m\u00e9dical Machine pour soudure par ultrasons de masque m\u00e9dical Pour la soudure de masque m\u00e9dical, Mecasonic est pr\u00e9sent \u00e0 vos c\u00f4t\u00e9s pour tout besoin en machine ou outillage ultrason. Au vu de l\u2019urgence de la situation ces demandes sont trait\u00e9es en priorit\u00e9 dan&#8230; Continue reading [&hellip;]<\/p>\n","protected":false},"author":1,"featured_media":0,"parent":0,"menu_order":0,"comment_status":"closed","ping_status":"closed","template":"","meta":[],"yoast_head":"<!-- This site is optimized with the Yoast SEO plugin v17.2 - https:\/\/yoast.com\/wordpress\/plugins\/seo\/ -->\n<title>Actualidades en soldadura de los thermoplasticos y corte por ultrasonidos<\/title>\n<meta name=\"description\" content=\"Actualidades sobre la soldadura de los thermoplasticos y metales no ferrosos, corte por ultrasonidos textil y alimentario, ferias, etc.\" \/>\n<meta name=\"robots\" content=\"index, follow, max-snippet:-1, max-image-preview:large, max-video-preview:-1\" \/>\n<link rel=\"canonical\" href=\"https:\/\/www.mecasonic.com\/es\/noticias\/\" \/>\n<meta property=\"og:locale\" content=\"es_ES\" \/>\n<meta property=\"og:type\" content=\"article\" \/>\n<meta property=\"og:title\" content=\"Actualidades en soldadura de los thermoplasticos y corte por ultrasonidos\" \/>\n<meta property=\"og:description\" content=\"Actualidades sobre la soldadura de los thermoplasticos y metales no ferrosos, corte por ultrasonidos textil y alimentario, ferias, etc.\" \/>\n<meta property=\"og:url\" content=\"https:\/\/www.mecasonic.com\/es\/noticias\/\" \/>\n<meta property=\"og:site_name\" content=\"Mecasonic\" \/>\n<meta property=\"article:modified_time\" content=\"2021-02-17T14:37:36+00:00\" \/>\n<meta property=\"og:image\" content=\"https:\/\/www.mecasonic.com\/wp-content\/uploads\/2017\/06\/masque2-610x405.jpg\" \/>\n<meta name=\"twitter:card\" content=\"summary_large_image\" \/>\n<meta name=\"twitter:label1\" content=\"Tiempo de lectura\" \/>\n\t<meta name=\"twitter:data1\" content=\"1 minuto\" \/>\n<script type=\"application\/ld+json\" class=\"yoast-schema-graph\">{\"@context\":\"https:\/\/schema.org\",\"@graph\":[{\"@type\":\"Organization\",\"@id\":\"https:\/\/www.mecasonic.com\/es\/#organization\",\"name\":\"Mecasonic - Plastic Welding Solutions\",\"url\":\"https:\/\/www.mecasonic.com\/es\/\",\"sameAs\":[],\"logo\":{\"@type\":\"ImageObject\",\"@id\":\"https:\/\/www.mecasonic.com\/es\/#logo\",\"inLanguage\":\"es\",\"url\":\"https:\/\/www.mecasonic.com\/wp-content\/uploads\/2020\/12\/LOGO-MECA-MOBILE@2x.png\",\"contentUrl\":\"https:\/\/www.mecasonic.com\/wp-content\/uploads\/2020\/12\/LOGO-MECA-MOBILE@2x.png\",\"width\":500,\"height\":99,\"caption\":\"Mecasonic - Plastic Welding Solutions\"},\"image\":{\"@id\":\"https:\/\/www.mecasonic.com\/es\/#logo\"}},{\"@type\":\"WebSite\",\"@id\":\"https:\/\/www.mecasonic.com\/es\/#website\",\"url\":\"https:\/\/www.mecasonic.com\/es\/\",\"name\":\"Mecasonic\",\"description\":\"\",\"publisher\":{\"@id\":\"https:\/\/www.mecasonic.com\/es\/#organization\"},\"potentialAction\":[{\"@type\":\"SearchAction\",\"target\":{\"@type\":\"EntryPoint\",\"urlTemplate\":\"https:\/\/www.mecasonic.com\/es\/?s={search_term_string}\"},\"query-input\":\"required name=search_term_string\"}],\"inLanguage\":\"es\"},{\"@type\":\"ImageObject\",\"@id\":\"https:\/\/www.mecasonic.com\/es\/noticias\/#primaryimage\",\"inLanguage\":\"es\",\"url\":\"https:\/\/www.mecasonic.com\/wp-content\/uploads\/2017\/06\/masque2.jpg\",\"contentUrl\":\"https:\/\/www.mecasonic.com\/wp-content\/uploads\/2017\/06\/masque2.jpg\",\"width\":800,\"height\":531},{\"@type\":\"WebPage\",\"@id\":\"https:\/\/www.mecasonic.com\/es\/noticias\/#webpage\",\"url\":\"https:\/\/www.mecasonic.com\/es\/noticias\/\",\"name\":\"Actualidades en soldadura de los thermoplasticos y corte por ultrasonidos\",\"isPartOf\":{\"@id\":\"https:\/\/www.mecasonic.com\/es\/#website\"},\"primaryImageOfPage\":{\"@id\":\"https:\/\/www.mecasonic.com\/es\/noticias\/#primaryimage\"},\"datePublished\":\"2017-06-27T16:41:01+00:00\",\"dateModified\":\"2021-02-17T14:37:36+00:00\",\"description\":\"Actualidades sobre la soldadura de los thermoplasticos y metales no ferrosos, corte por ultrasonidos textil y alimentario, ferias, etc.\",\"breadcrumb\":{\"@id\":\"https:\/\/www.mecasonic.com\/es\/noticias\/#breadcrumb\"},\"inLanguage\":\"es\",\"potentialAction\":[{\"@type\":\"ReadAction\",\"target\":[\"https:\/\/www.mecasonic.com\/es\/noticias\/\"]}]},{\"@type\":\"BreadcrumbList\",\"@id\":\"https:\/\/www.mecasonic.com\/es\/noticias\/#breadcrumb\",\"itemListElement\":[{\"@type\":\"ListItem\",\"position\":1,\"name\":\"Accueil\",\"item\":\"https:\/\/www.mecasonic.com\/es\/\"},{\"@type\":\"ListItem\",\"position\":2,\"name\":\"Noticias\"}]}]}<\/script>\n<!-- \/ Yoast SEO plugin. -->","yoast_head_json":{"title":"Actualidades en soldadura de los thermoplasticos y corte por ultrasonidos","description":"Actualidades sobre la soldadura de los thermoplasticos y metales no ferrosos, corte por ultrasonidos textil y alimentario, ferias, etc.","robots":{"index":"index","follow":"follow","max-snippet":"max-snippet:-1","max-image-preview":"max-image-preview:large","max-video-preview":"max-video-preview:-1"},"canonical":"https:\/\/www.mecasonic.com\/es\/noticias\/","og_locale":"es_ES","og_type":"article","og_title":"Actualidades en soldadura de los thermoplasticos y corte por ultrasonidos","og_description":"Actualidades sobre la soldadura de los thermoplasticos y metales no ferrosos, corte por ultrasonidos textil y alimentario, ferias, etc.","og_url":"https:\/\/www.mecasonic.com\/es\/noticias\/","og_site_name":"Mecasonic","article_modified_time":"2021-02-17T14:37:36+00:00","og_image":[{"url":"https:\/\/www.mecasonic.com\/wp-content\/uploads\/2017\/06\/masque2-610x405.jpg"}],"twitter_card":"summary_large_image","twitter_misc":{"Tiempo de lectura":"1 minuto"},"schema":{"@context":"https:\/\/schema.org","@graph":[{"@type":"Organization","@id":"https:\/\/www.mecasonic.com\/es\/#organization","name":"Mecasonic - Plastic Welding Solutions","url":"https:\/\/www.mecasonic.com\/es\/","sameAs":[],"logo":{"@type":"ImageObject","@id":"https:\/\/www.mecasonic.com\/es\/#logo","inLanguage":"es","url":"https:\/\/www.mecasonic.com\/wp-content\/uploads\/2020\/12\/LOGO-MECA-MOBILE@2x.png","contentUrl":"https:\/\/www.mecasonic.com\/wp-content\/uploads\/2020\/12\/LOGO-MECA-MOBILE@2x.png","width":500,"height":99,"caption":"Mecasonic - Plastic Welding Solutions"},"image":{"@id":"https:\/\/www.mecasonic.com\/es\/#logo"}},{"@type":"WebSite","@id":"https:\/\/www.mecasonic.com\/es\/#website","url":"https:\/\/www.mecasonic.com\/es\/","name":"Mecasonic","description":"","publisher":{"@id":"https:\/\/www.mecasonic.com\/es\/#organization"},"potentialAction":[{"@type":"SearchAction","target":{"@type":"EntryPoint","urlTemplate":"https:\/\/www.mecasonic.com\/es\/?s={search_term_string}"},"query-input":"required name=search_term_string"}],"inLanguage":"es"},{"@type":"ImageObject","@id":"https:\/\/www.mecasonic.com\/es\/noticias\/#primaryimage","inLanguage":"es","url":"https:\/\/www.mecasonic.com\/wp-content\/uploads\/2017\/06\/masque2.jpg","contentUrl":"https:\/\/www.mecasonic.com\/wp-content\/uploads\/2017\/06\/masque2.jpg","width":800,"height":531},{"@type":"WebPage","@id":"https:\/\/www.mecasonic.com\/es\/noticias\/#webpage","url":"https:\/\/www.mecasonic.com\/es\/noticias\/","name":"Actualidades en soldadura de los thermoplasticos y corte por ultrasonidos","isPartOf":{"@id":"https:\/\/www.mecasonic.com\/es\/#website"},"primaryImageOfPage":{"@id":"https:\/\/www.mecasonic.com\/es\/noticias\/#primaryimage"},"datePublished":"2017-06-27T16:41:01+00:00","dateModified":"2021-02-17T14:37:36+00:00","description":"Actualidades sobre la soldadura de los thermoplasticos y metales no ferrosos, corte por ultrasonidos textil y alimentario, ferias, etc.","breadcrumb":{"@id":"https:\/\/www.mecasonic.com\/es\/noticias\/#breadcrumb"},"inLanguage":"es","potentialAction":[{"@type":"ReadAction","target":["https:\/\/www.mecasonic.com\/es\/noticias\/"]}]},{"@type":"BreadcrumbList","@id":"https:\/\/www.mecasonic.com\/es\/noticias\/#breadcrumb","itemListElement":[{"@type":"ListItem","position":1,"name":"Accueil","item":"https:\/\/www.mecasonic.com\/es\/"},{"@type":"ListItem","position":2,"name":"Noticias"}]}]}},"_links":{"self":[{"href":"https:\/\/www.mecasonic.com\/es\/wp-json\/wp\/v2\/pages\/6195"}],"collection":[{"href":"https:\/\/www.mecasonic.com\/es\/wp-json\/wp\/v2\/pages"}],"about":[{"href":"https:\/\/www.mecasonic.com\/es\/wp-json\/wp\/v2\/types\/page"}],"author":[{"embeddable":true,"href":"https:\/\/www.mecasonic.com\/es\/wp-json\/wp\/v2\/users\/1"}],"replies":[{"embeddable":true,"href":"https:\/\/www.mecasonic.com\/es\/wp-json\/wp\/v2\/comments?post=6195"}],"version-history":[{"count":1,"href":"https:\/\/www.mecasonic.com\/es\/wp-json\/wp\/v2\/pages\/6195\/revisions"}],"predecessor-version":[{"id":6724,"href":"https:\/\/www.mecasonic.com\/es\/wp-json\/wp\/v2\/pages\/6195\/revisions\/6724"}],"wp:attachment":[{"href":"https:\/\/www.mecasonic.com\/es\/wp-json\/wp\/v2\/media?parent=6195"}],"curies":[{"name":"wp","href":"https:\/\/api.w.org\/{rel}","templated":true}]}}