{"id":6216,"date":"2017-07-25T19:51:14","date_gmt":"2017-07-25T19:51:14","guid":{"rendered":"https:\/\/www.mecasonic.com\/404-page-not-found\/"},"modified":"2017-07-25T19:51:14","modified_gmt":"2017-07-25T19:51:14","slug":"404-page-not-found","status":"publish","type":"page","link":"https:\/\/www.mecasonic.com\/es\/404-page-not-found\/","title":{"rendered":"404 &#8211; Page Not Found"},"content":{"rendered":"\t\t<div data-elementor-type=\"wp-page\" data-elementor-id=\"6216\" class=\"elementor elementor-6216 elementor-4231\" data-elementor-settings=\"[]\">\n\t\t\t\t\t\t<div class=\"elementor-inner\">\n\t\t\t\t\t\t\t<div class=\"elementor-section-wrap\">\n\t\t\t\t\t\t\t<section class=\"elementor-section elementor-top-section elementor-element elementor-element-e1ukiex elementor-section-height-min-height elementor-section-boxed elementor-section-height-default elementor-section-items-middle default-style\" data-id=\"e1ukiex\" data-element_type=\"section\" data-settings=\"{&quot;background_background&quot;:&quot;classic&quot;,&quot;rt_color_sets&quot;:&quot;default-style&quot;}\">\n\t\t\t\t\t\t<div class=\"elementor-container elementor-column-gap-default\">\n\t\t\t\t\t\t\t<div class=\"elementor-row\">\n\t\t\t\t\t<div class=\"elementor-column elementor-col-100 elementor-top-column elementor-element elementor-element-2hnj71v\" data-id=\"2hnj71v\" data-element_type=\"column\">\n\t\t\t<div class=\"elementor-column-wrap elementor-element-populated\">\n\t\t\t\t\t\t\t<div class=\"elementor-widget-wrap\">\n\t\t\t\t\t\t<div class=\"elementor-element elementor-element-7w0w9jc elementor-widget elementor-widget-rt-heading\" data-id=\"7w0w9jc\" data-element_type=\"widget\" data-widget_type=\"rt-heading.default\">\n\t\t\t\t<div class=\"elementor-widget-container\">\n\t\t\t<div class=\"rt-heading-wrapper text-center\">\n\t\t\t\t\t\t<H1 class=\"rt-heading\" >D\u00e9sol\u00e9 il n'y a rien ici<\/H1>\n\t\t\t\t\t<\/div>\t\t<\/div>\n\t\t\t\t<\/div>\n\t\t\t\t<div class=\"elementor-element elementor-element-znztdnu elementor-widget elementor-widget-rt-heading\" data-id=\"znztdnu\" data-element_type=\"widget\" data-widget_type=\"rt-heading.default\">\n\t\t\t\t<div class=\"elementor-widget-container\">\n\t\t\t<div class=\"rt-heading-wrapper text-center\">\n\t\t\t\t\t\t<p class=\"rt-heading heading-font\" >La page n'existe pas.<\/p>\n\t\t\t\t\t<\/div>\t\t<\/div>\n\t\t\t\t<\/div>\n\t\t\t\t<div class=\"elementor-element elementor-element-bt1bnkw elementor-align-center elementor-widget elementor-widget-rt-button\" data-id=\"bt1bnkw\" data-element_type=\"widget\" data-widget_type=\"rt-button.default\">\n\t\t\t\t<div class=\"elementor-widget-container\">\n\t\t\t<div class=\"button_wrapper  rounded\"><a href=\"www.mecasonic.com\" target=\"_self\" title=\"Revenir \u00e0 l'accueil\" class=\"button_  style-1 big\"><span><span class=\"button-icon fa fa-chevron-left\"><\/span><span>Revenir \u00e0 l'accueil<\/span><\/span><\/a><\/div>\t\t<\/div>\n\t\t\t\t<\/div>\n\t\t\t\t\t\t<\/div>\n\t\t\t\t\t<\/div>\n\t\t<\/div>\n\t\t\t\t\t\t\t\t<\/div>\n\t\t\t\t\t<\/div>\n\t\t<\/section>\n\t\t\t\t\t\t<\/div>\n\t\t\t\t\t\t<\/div>\n\t\t\t\t\t<\/div>\n\t\t","protected":false},"excerpt":{"rendered":"<p>D\u00e9sol\u00e9 il n&#8217;y a rien ici La page n&#8217;existe pas. Revenir \u00e0 l&#8217;accueil<\/p>\n","protected":false},"author":1,"featured_media":0,"parent":0,"menu_order":0,"comment_status":"closed","ping_status":"closed","template":"","meta":[],"yoast_head":"<!-- This site is optimized with the Yoast SEO plugin v17.2 - https:\/\/yoast.com\/wordpress\/plugins\/seo\/ -->\n<title>404 - Page Not Found - Mecasonic<\/title>\n<meta name=\"robots\" content=\"index, follow, max-snippet:-1, max-image-preview:large, max-video-preview:-1\" \/>\n<link rel=\"canonical\" href=\"https:\/\/www.mecasonic.com\/es\/404-page-not-found\/\" \/>\n<meta property=\"og:locale\" content=\"es_ES\" \/>\n<meta property=\"og:type\" content=\"article\" \/>\n<meta property=\"og:title\" content=\"404 - Page Not Found - Mecasonic\" \/>\n<meta property=\"og:description\" content=\"D\u00e9sol\u00e9 il n&#8217;y a rien ici La page n&#8217;existe pas. Revenir \u00e0 l&#8217;accueil\" \/>\n<meta property=\"og:url\" content=\"https:\/\/www.mecasonic.com\/es\/404-page-not-found\/\" \/>\n<meta property=\"og:site_name\" content=\"Mecasonic\" \/>\n<meta name=\"twitter:card\" content=\"summary_large_image\" \/>\n<script type=\"application\/ld+json\" class=\"yoast-schema-graph\">{\"@context\":\"https:\/\/schema.org\",\"@graph\":[{\"@type\":\"Organization\",\"@id\":\"https:\/\/www.mecasonic.com\/es\/#organization\",\"name\":\"Mecasonic - Plastic Welding Solutions\",\"url\":\"https:\/\/www.mecasonic.com\/es\/\",\"sameAs\":[],\"logo\":{\"@type\":\"ImageObject\",\"@id\":\"https:\/\/www.mecasonic.com\/es\/#logo\",\"inLanguage\":\"es\",\"url\":\"https:\/\/www.mecasonic.com\/wp-content\/uploads\/2020\/12\/LOGO-MECA-MOBILE@2x.png\",\"contentUrl\":\"https:\/\/www.mecasonic.com\/wp-content\/uploads\/2020\/12\/LOGO-MECA-MOBILE@2x.png\",\"width\":500,\"height\":99,\"caption\":\"Mecasonic - Plastic Welding Solutions\"},\"image\":{\"@id\":\"https:\/\/www.mecasonic.com\/es\/#logo\"}},{\"@type\":\"WebSite\",\"@id\":\"https:\/\/www.mecasonic.com\/es\/#website\",\"url\":\"https:\/\/www.mecasonic.com\/es\/\",\"name\":\"Mecasonic\",\"description\":\"\",\"publisher\":{\"@id\":\"https:\/\/www.mecasonic.com\/es\/#organization\"},\"potentialAction\":[{\"@type\":\"SearchAction\",\"target\":{\"@type\":\"EntryPoint\",\"urlTemplate\":\"https:\/\/www.mecasonic.com\/es\/?s={search_term_string}\"},\"query-input\":\"required name=search_term_string\"}],\"inLanguage\":\"es\"},{\"@type\":\"WebPage\",\"@id\":\"https:\/\/www.mecasonic.com\/es\/404-page-not-found\/#webpage\",\"url\":\"https:\/\/www.mecasonic.com\/es\/404-page-not-found\/\",\"name\":\"404 - Page Not Found - Mecasonic\",\"isPartOf\":{\"@id\":\"https:\/\/www.mecasonic.com\/es\/#website\"},\"datePublished\":\"2017-07-25T19:51:14+00:00\",\"dateModified\":\"2017-07-25T19:51:14+00:00\",\"breadcrumb\":{\"@id\":\"https:\/\/www.mecasonic.com\/es\/404-page-not-found\/#breadcrumb\"},\"inLanguage\":\"es\",\"potentialAction\":[{\"@type\":\"ReadAction\",\"target\":[\"https:\/\/www.mecasonic.com\/es\/404-page-not-found\/\"]}]},{\"@type\":\"BreadcrumbList\",\"@id\":\"https:\/\/www.mecasonic.com\/es\/404-page-not-found\/#breadcrumb\",\"itemListElement\":[{\"@type\":\"ListItem\",\"position\":1,\"name\":\"Accueil\",\"item\":\"https:\/\/www.mecasonic.com\/es\/\"},{\"@type\":\"ListItem\",\"position\":2,\"name\":\"404 &#8211; Page Not Found\"}]}]}<\/script>\n<!-- \/ Yoast SEO plugin. -->","yoast_head_json":{"title":"404 - Page Not Found - Mecasonic","robots":{"index":"index","follow":"follow","max-snippet":"max-snippet:-1","max-image-preview":"max-image-preview:large","max-video-preview":"max-video-preview:-1"},"canonical":"https:\/\/www.mecasonic.com\/es\/404-page-not-found\/","og_locale":"es_ES","og_type":"article","og_title":"404 - Page Not Found - Mecasonic","og_description":"D\u00e9sol\u00e9 il n&#8217;y a rien ici La page n&#8217;existe pas. Revenir \u00e0 l&#8217;accueil","og_url":"https:\/\/www.mecasonic.com\/es\/404-page-not-found\/","og_site_name":"Mecasonic","twitter_card":"summary_large_image","schema":{"@context":"https:\/\/schema.org","@graph":[{"@type":"Organization","@id":"https:\/\/www.mecasonic.com\/es\/#organization","name":"Mecasonic - Plastic Welding Solutions","url":"https:\/\/www.mecasonic.com\/es\/","sameAs":[],"logo":{"@type":"ImageObject","@id":"https:\/\/www.mecasonic.com\/es\/#logo","inLanguage":"es","url":"https:\/\/www.mecasonic.com\/wp-content\/uploads\/2020\/12\/LOGO-MECA-MOBILE@2x.png","contentUrl":"https:\/\/www.mecasonic.com\/wp-content\/uploads\/2020\/12\/LOGO-MECA-MOBILE@2x.png","width":500,"height":99,"caption":"Mecasonic - Plastic Welding Solutions"},"image":{"@id":"https:\/\/www.mecasonic.com\/es\/#logo"}},{"@type":"WebSite","@id":"https:\/\/www.mecasonic.com\/es\/#website","url":"https:\/\/www.mecasonic.com\/es\/","name":"Mecasonic","description":"","publisher":{"@id":"https:\/\/www.mecasonic.com\/es\/#organization"},"potentialAction":[{"@type":"SearchAction","target":{"@type":"EntryPoint","urlTemplate":"https:\/\/www.mecasonic.com\/es\/?s={search_term_string}"},"query-input":"required name=search_term_string"}],"inLanguage":"es"},{"@type":"WebPage","@id":"https:\/\/www.mecasonic.com\/es\/404-page-not-found\/#webpage","url":"https:\/\/www.mecasonic.com\/es\/404-page-not-found\/","name":"404 - Page Not Found - Mecasonic","isPartOf":{"@id":"https:\/\/www.mecasonic.com\/es\/#website"},"datePublished":"2017-07-25T19:51:14+00:00","dateModified":"2017-07-25T19:51:14+00:00","breadcrumb":{"@id":"https:\/\/www.mecasonic.com\/es\/404-page-not-found\/#breadcrumb"},"inLanguage":"es","potentialAction":[{"@type":"ReadAction","target":["https:\/\/www.mecasonic.com\/es\/404-page-not-found\/"]}]},{"@type":"BreadcrumbList","@id":"https:\/\/www.mecasonic.com\/es\/404-page-not-found\/#breadcrumb","itemListElement":[{"@type":"ListItem","position":1,"name":"Accueil","item":"https:\/\/www.mecasonic.com\/es\/"},{"@type":"ListItem","position":2,"name":"404 &#8211; Page Not Found"}]}]}},"_links":{"self":[{"href":"https:\/\/www.mecasonic.com\/es\/wp-json\/wp\/v2\/pages\/6216"}],"collection":[{"href":"https:\/\/www.mecasonic.com\/es\/wp-json\/wp\/v2\/pages"}],"about":[{"href":"https:\/\/www.mecasonic.com\/es\/wp-json\/wp\/v2\/types\/page"}],"author":[{"embeddable":true,"href":"https:\/\/www.mecasonic.com\/es\/wp-json\/wp\/v2\/users\/1"}],"replies":[{"embeddable":true,"href":"https:\/\/www.mecasonic.com\/es\/wp-json\/wp\/v2\/comments?post=6216"}],"version-history":[{"count":0,"href":"https:\/\/www.mecasonic.com\/es\/wp-json\/wp\/v2\/pages\/6216\/revisions"}],"wp:attachment":[{"href":"https:\/\/www.mecasonic.com\/es\/wp-json\/wp\/v2\/media?parent=6216"}],"curies":[{"name":"wp","href":"https:\/\/api.w.org\/{rel}","templated":true}]}}